{"id":491,"date":"2025-07-18T22:25:52","date_gmt":"2025-07-18T20:25:52","guid":{"rendered":"https:\/\/www.gustavnasmanolai.se\/gallery\/"},"modified":"2025-10-14T14:23:52","modified_gmt":"2025-10-14T12:23:52","slug":"musik","status":"publish","type":"page","link":"https:\/\/www.gustavnasmanolai.se\/en\/musik\/","title":{"rendered":"Music"},"content":{"rendered":"<div data-elementor-type=\"wp-page\" data-elementor-id=\"491\" class=\"elementor elementor-491\">\n\t\t\t\t<div class=\"elementor-element elementor-element-e4676ca e-flex e-con-boxed e-con e-parent\" data-id=\"e4676ca\" data-element_type=\"container\" data-e-type=\"container\" data-settings=\"{&quot;background_background&quot;:&quot;classic&quot;}\">\n\t\t\t\t\t<div class=\"e-con-inner\">\n\t\t<div class=\"elementor-element elementor-element-ff695d5 e-con-full e-flex e-con e-child\" data-id=\"ff695d5\" data-element_type=\"container\" data-e-type=\"container\">\n\t\t\t\t<div class=\"elementor-element elementor-element-64dde2f elementor-widget-divider--view-line elementor-widget elementor-widget-divider\" data-id=\"64dde2f\" data-element_type=\"widget\" data-e-type=\"widget\" data-widget_type=\"divider.default\">\n\t\t\t\t\t\t\t<div class=\"elementor-divider\">\n\t\t\t<span class=\"elementor-divider-separator\">\n\t\t\t\t\t\t<\/span>\n\t\t<\/div>\n\t\t\t\t\t\t<\/div>\n\t\t\t\t<div class=\"elementor-element elementor-element-3e66ad4 elementor-widget elementor-widget-heading\" data-id=\"3e66ad4\" data-element_type=\"widget\" data-e-type=\"widget\" data-widget_type=\"heading.default\">\n\t\t\t\t\t<h1 class=\"elementor-heading-title elementor-size-default\">Music<\/h1>\t\t\t\t<\/div>\n\t\t\t\t<\/div>\n\t\t\t\t\t<\/div>\n\t\t\t\t<\/div>\n\t\t<div class=\"elementor-element elementor-element-b507479 e-flex e-con-boxed e-con e-parent\" data-id=\"b507479\" data-element_type=\"container\" data-e-type=\"container\" data-settings=\"{&quot;background_background&quot;:&quot;classic&quot;}\">\n\t\t\t\t\t<div class=\"e-con-inner\">\n\t\t<div class=\"elementor-element elementor-element-7fac2b6 e-con-full e-flex e-con e-child\" data-id=\"7fac2b6\" data-element_type=\"container\" data-e-type=\"container\">\n\t\t\t\t<div class=\"elementor-element elementor-element-69258c2 elementor-widget__width-initial elementor-widget elementor-widget-text-editor\" data-id=\"69258c2\" data-element_type=\"widget\" data-e-type=\"widget\" data-widget_type=\"text-editor.default\">\n\t\t\t\t\t\t\t\t\t<p>Gustav plays and sings, both solo and in several groups.<\/p><p>If you are interested in booking a concert program, or have ideas for projects you would like to carry out together with Gustav, do not hesitate to reach out.<\/p>\t\t\t\t\t\t\t\t<\/div>\n\t\t\t\t<div class=\"elementor-element elementor-element-aeed6bd elementor-align-center elementor-widget elementor-widget-button\" data-id=\"aeed6bd\" data-element_type=\"widget\" data-e-type=\"widget\" data-widget_type=\"button.default\">\n\t\t\t\t\t\t\t\t\t\t<a class=\"elementor-button elementor-button-link elementor-size-sm\" href=\"https:\/\/www.gustavnasmanolai.se\/en\/kontakt\/\">\n\t\t\t\t\t\t<span class=\"elementor-button-content-wrapper\">\n\t\t\t\t\t\t\t\t\t<span class=\"elementor-button-text\">Contact<\/span>\n\t\t\t\t\t<\/span>\n\t\t\t\t\t<\/a>\n\t\t\t\t\t\t\t\t<\/div>\n\t\t\t\t<div class=\"elementor-element elementor-element-0be5d70 elementor-widget elementor-widget-heading\" data-id=\"0be5d70\" data-element_type=\"widget\" data-e-type=\"widget\" id=\"sonus-chordarum\" data-widget_type=\"heading.default\">\n\t\t\t\t\t<h2 class=\"elementor-heading-title elementor-size-default translation-block\"><i>Sonus Chordarum <\/i>\u2013 The sound of the strings<\/h2>\t\t\t\t<\/div>\n\t\t\t\t<div class=\"elementor-element elementor-element-129b61d elementor-widget elementor-widget-text-editor\" data-id=\"129b61d\" data-element_type=\"widget\" data-e-type=\"widget\" data-widget_type=\"text-editor.default\">\n\t\t\t\t\t\t\t\t\t<p class=\"translation-block\">On the streets and in taverns, in huts and castles, for singng and dancing \u2013 the sounds of strings were heard everywhere.<\/p>\n<p class=\"translation-block\">The medieval string instruments gittern and citole were among the most important instruments in Europe during the 13th and 14th centuries. This concert program invites you to a world of sound that feels familiar and distant, nostalgic and transformative, comfortable and challenging.<\/p>\t\t\t\t\t\t\t\t<\/div>\n\t\t\t\t<div class=\"elementor-element elementor-element-dc51915 elementor-widget elementor-widget-image\" data-id=\"dc51915\" data-element_type=\"widget\" data-e-type=\"widget\" data-widget_type=\"image.default\">\n\t\t\t\t\t\t\t\t\t\t\t\t\t\t\t<img fetchpriority=\"high\" decoding=\"async\" width=\"1024\" height=\"1024\" src=\"https:\/\/www.gustavnasmanolai.se\/wp-content\/uploads\/2025\/08\/GustavFacultypic-1024x1024.webp\" class=\"attachment-large size-large wp-image-1097\" alt=\"Musician playing medieval citole\" srcset=\"https:\/\/www.gustavnasmanolai.se\/wp-content\/uploads\/2025\/08\/GustavFacultypic-1024x1024.webp 1024w, https:\/\/www.gustavnasmanolai.se\/wp-content\/uploads\/2025\/08\/GustavFacultypic-300x300.webp 300w, https:\/\/www.gustavnasmanolai.se\/wp-content\/uploads\/2025\/08\/GustavFacultypic-150x150.webp 150w, https:\/\/www.gustavnasmanolai.se\/wp-content\/uploads\/2025\/08\/GustavFacultypic-768x768.webp 768w, https:\/\/www.gustavnasmanolai.se\/wp-content\/uploads\/2025\/08\/GustavFacultypic-1536x1536.webp 1536w, https:\/\/www.gustavnasmanolai.se\/wp-content\/uploads\/2025\/08\/GustavFacultypic.webp 1907w\" sizes=\"(max-width: 1024px) 100vw, 1024px\" \/>\t\t\t\t\t\t\t\t\t\t\t\t\t\t\t<\/div>\n\t\t\t\t<div class=\"elementor-element elementor-element-6e5f5bd elementor-widget-divider--view-line elementor-widget elementor-widget-divider\" data-id=\"6e5f5bd\" data-element_type=\"widget\" data-e-type=\"widget\" data-widget_type=\"divider.default\">\n\t\t\t\t\t\t\t<div class=\"elementor-divider\">\n\t\t\t<span class=\"elementor-divider-separator\">\n\t\t\t\t\t\t<\/span>\n\t\t<\/div>\n\t\t\t\t\t\t<\/div>\n\t\t<div class=\"elementor-element elementor-element-39425a2 e-con-full e-flex e-con e-child\" data-id=\"39425a2\" data-element_type=\"container\" data-e-type=\"container\">\n\t\t\t\t<div class=\"elementor-element elementor-element-d2a2120 elementor-widget elementor-widget-heading\" data-id=\"d2a2120\" data-element_type=\"widget\" data-e-type=\"widget\" id=\"sjal\" data-widget_type=\"heading.default\">\n\t\t\t\t\t<h2 class=\"elementor-heading-title elementor-size-default\">The medieval band Sj\u00e4l<\/h2>\t\t\t\t<\/div>\n\t\t\t\t<div class=\"elementor-element elementor-element-c90af77 elementor-widget elementor-widget-text-editor\" data-id=\"c90af77\" data-element_type=\"widget\" data-e-type=\"widget\" data-widget_type=\"text-editor.default\">\n\t\t\t\t\t\t\t\t\t<p>For more than a decade Sj\u00e4l has been making interpretations of 13th century musical masterpieces from all over Europe. Bringing the audience on a journey to listen to German minnesang, melodies of the Occitan troubadours, the Spanish cantigas and more. Inspired by the great variety of cultures in medieval Europe, Sj\u00e4l\u2019s sound is unique and gives new life to a time long gone.<\/p><p><a href=\"\/en\/&lt;a href=&quot;https:\/\/medeltidsbandetsjal.se\/en&quot;&gt;https:\/\/medeltidsbandetsjal.se\/en&lt;\/a&gt;\/\"><a href=\"https:\/\/medeltidsbandetsjal.se\/en\">https:\/\/medeltidsbandetsjal.se\/en<\/a><\/a><\/p>\t\t\t\t\t\t\t\t<\/div>\n\t\t\t\t<div class=\"elementor-element elementor-element-ff9035c elementor-widget elementor-widget-image\" data-id=\"ff9035c\" data-element_type=\"widget\" data-e-type=\"widget\" data-widget_type=\"image.default\">\n\t\t\t\t\t\t\t\t\t\t\t\t<figure class=\"wp-caption\">\n\t\t\t\t\t\t\t\t\t\t<img decoding=\"async\" width=\"1024\" height=\"683\" src=\"https:\/\/www.gustavnasmanolai.se\/wp-content\/uploads\/2025\/08\/Sjal-spelar-2-1024x683.webp\" class=\"attachment-large size-large wp-image-1098\" alt=\"Musicians playing by the medieval wall in Visby, Sweden\" srcset=\"https:\/\/www.gustavnasmanolai.se\/wp-content\/uploads\/2025\/08\/Sjal-spelar-2-1024x683.webp 1024w, https:\/\/www.gustavnasmanolai.se\/wp-content\/uploads\/2025\/08\/Sjal-spelar-2-300x200.webp 300w, https:\/\/www.gustavnasmanolai.se\/wp-content\/uploads\/2025\/08\/Sjal-spelar-2-768x512.webp 768w, https:\/\/www.gustavnasmanolai.se\/wp-content\/uploads\/2025\/08\/Sjal-spelar-2-1536x1024.webp 1536w, https:\/\/www.gustavnasmanolai.se\/wp-content\/uploads\/2025\/08\/Sjal-spelar-2-scaled.webp 1920w\" sizes=\"(max-width: 1024px) 100vw, 1024px\" \/>\t\t\t\t\t\t\t\t\t\t\t<figcaption class=\"widget-image-caption wp-caption-text\">Photo: Johan Nylin<\/figcaption>\n\t\t\t\t\t\t\t\t\t\t<\/figure>\n\t\t\t\t\t\t\t\t\t<\/div>\n\t\t\t\t<div class=\"elementor-element elementor-element-3f92401 elementor-widget elementor-widget-html\" data-id=\"3f92401\" data-element_type=\"widget\" data-e-type=\"widget\" data-widget_type=\"html.default\">\n\t\t\t\t\t<div style=\"text-align: center;\">\n  <iframe style=\"border: 0; width: 100%; max-width: 500px; height: 120px;\" \n          src=\"https:\/\/bandcamp.com\/EmbeddedPlayer\/album=3360588267\/size=large\/bgcol=ffffff\/linkcol=0687f5\/tracklist=false\/artwork=small\/transparent=true\/\" \n          seamless>\n    <a href=\"https:\/\/sjalsjal.bandcamp.com\/album\/tillbaka\">Tillbaka by Sj\u00e4l<\/a>\n  <\/iframe>\n<\/div>\n\t\t\t\t<\/div>\n\t\t\t\t<div class=\"elementor-element elementor-element-fc97ac7 elementor-widget-divider--view-line elementor-widget elementor-widget-divider\" data-id=\"fc97ac7\" data-element_type=\"widget\" data-e-type=\"widget\" data-widget_type=\"divider.default\">\n\t\t\t\t\t\t\t<div class=\"elementor-divider\">\n\t\t\t<span class=\"elementor-divider-separator\">\n\t\t\t\t\t\t<\/span>\n\t\t<\/div>\n\t\t\t\t\t\t<\/div>\n\t\t<div class=\"elementor-element elementor-element-ca55acb e-con-full e-flex e-con e-child\" data-id=\"ca55acb\" data-element_type=\"container\" data-e-type=\"container\">\n\t\t\t\t<div class=\"elementor-element elementor-element-e27a416 elementor-widget elementor-widget-heading\" data-id=\"e27a416\" data-element_type=\"widget\" data-e-type=\"widget\" id=\"mediata\" data-widget_type=\"heading.default\">\n\t\t\t\t\t<h2 class=\"elementor-heading-title elementor-size-default\">Ensemble Mediata<\/h2>\t\t\t\t<\/div>\n\t\t\t\t<div class=\"elementor-element elementor-element-6a329bd elementor-widget elementor-widget-text-editor\" data-id=\"6a329bd\" data-element_type=\"widget\" data-e-type=\"widget\" data-widget_type=\"text-editor.default\">\n\t\t\t\t\t\t\t\t\t<p>The word Mediata comes from a medieval ornament where the tone between two notes is used as a \u201cmediator.\u201d In the same way, Ensemble Mediata wants to be a mediator between medieval music creators and today's audience.<\/p><p>By reading and exploring sources together and practically trying out ornaments, intonation models and interpretations, the ensemble wants to penetrate the medieval musical treasure and make it richer and more accessible to today's musicians and listeners.<\/p><p><a href=\"https:\/\/ensemblemediata.weebly.com\/\">https:\/\/ensemblemediata.weebly.com\/<\/a><\/p>\t\t\t\t\t\t\t\t<\/div>\n\t\t\t\t<div class=\"elementor-element elementor-element-d1470dc elementor-widget elementor-widget-image\" data-id=\"d1470dc\" data-element_type=\"widget\" data-e-type=\"widget\" data-widget_type=\"image.default\">\n\t\t\t\t\t\t\t\t\t\t\t\t\t\t\t<img decoding=\"async\" width=\"1024\" height=\"683\" src=\"https:\/\/www.gustavnasmanolai.se\/wp-content\/uploads\/2025\/10\/mediata_press_2025_sittande_2x3-1024x683.webp\" class=\"attachment-large size-large wp-image-1574\" alt=\"\" srcset=\"https:\/\/www.gustavnasmanolai.se\/wp-content\/uploads\/2025\/10\/mediata_press_2025_sittande_2x3-1024x683.webp 1024w, https:\/\/www.gustavnasmanolai.se\/wp-content\/uploads\/2025\/10\/mediata_press_2025_sittande_2x3-300x200.webp 300w, https:\/\/www.gustavnasmanolai.se\/wp-content\/uploads\/2025\/10\/mediata_press_2025_sittande_2x3-768x512.webp 768w, https:\/\/www.gustavnasmanolai.se\/wp-content\/uploads\/2025\/10\/mediata_press_2025_sittande_2x3-1536x1024.webp 1536w, https:\/\/www.gustavnasmanolai.se\/wp-content\/uploads\/2025\/10\/mediata_press_2025_sittande_2x3.webp 1920w, https:\/\/www.gustavnasmanolai.se\/wp-content\/uploads\/2025\/10\/mediata_press_2025_sittande_2x3-18x12.webp 18w\" sizes=\"(max-width: 1024px) 100vw, 1024px\" \/>\t\t\t\t\t\t\t\t\t\t\t\t\t\t\t<\/div>\n\t\t\t\t<div class=\"elementor-element elementor-element-b47e159 elementor-widget elementor-widget-html\" data-id=\"b47e159\" data-element_type=\"widget\" data-e-type=\"widget\" data-widget_type=\"html.default\">\n\t\t\t\t\t<div style=\"text-align: center; max-width: 500px; margin: 0 auto;\">\n  <iframe \n    width=\"100%\" \n    height=\"230\" \n    style=\"border: 0;\" \n    scrolling=\"no\" \n    frameborder=\"no\" \n    allow=\"autoplay\" \n    src=\"https:\/\/w.soundcloud.com\/player\/?url=https%3A\/\/api.soundcloud.com\/playlists\/2079532758&color=%23353535&auto_play=false&hide_related=true&show_comments=false&show_user=true&show_reposts=false&show_teaser=false&visual=true\">\n  <\/iframe>\n<\/div>\n\t\t\t\t<\/div>\n\t\t\t\t<div class=\"elementor-element elementor-element-ca4bc4a elementor-widget-divider--view-line elementor-widget elementor-widget-divider\" data-id=\"ca4bc4a\" data-element_type=\"widget\" data-e-type=\"widget\" data-widget_type=\"divider.default\">\n\t\t\t\t\t\t\t<div class=\"elementor-divider\">\n\t\t\t<span class=\"elementor-divider-separator\">\n\t\t\t\t\t\t<\/span>\n\t\t<\/div>\n\t\t\t\t\t\t<\/div>\n\t\t\t\t<\/div>\n\t\t<div class=\"elementor-element elementor-element-585082b e-con-full e-flex e-con e-child\" data-id=\"585082b\" data-element_type=\"container\" data-e-type=\"container\">\n\t\t\t\t<div class=\"elementor-element elementor-element-1b5ef51 elementor-widget elementor-widget-heading\" data-id=\"1b5ef51\" data-element_type=\"widget\" data-e-type=\"widget\" id=\"sackpipa\" data-widget_type=\"heading.default\">\n\t\t\t\t\t<h2 class=\"elementor-heading-title elementor-size-default\">Swedish bagpipes<\/h2>\t\t\t\t<\/div>\n\t\t\t\t<div class=\"elementor-element elementor-element-269acfe elementor-widget elementor-widget-text-editor\" data-id=\"269acfe\" data-element_type=\"widget\" data-e-type=\"widget\" data-widget_type=\"text-editor.default\">\n\t\t\t\t\t\t\t\t\t<p>The bagpipe has a long history in Sweden. The instrument was already played in the Middle Ages, but began to disappear in industrialized society. Gustav plays a bagpipe that is based on preserved 19th-century instruments, primarily from Dalarna.<\/p>\n<p class=\"translation-block\">The instrument fits both older and more modern music, but comes into its own most with the polskas of Swedish folk music - a tradition Gustav is deeply familiar with.<br> Perfect if you are organizing an event with a 19th century theme!<\/p>\t\t\t\t\t\t\t\t<\/div>\n\t\t\t\t<div class=\"elementor-element elementor-element-7d41948 elementor-widget elementor-widget-image\" data-id=\"7d41948\" data-element_type=\"widget\" data-e-type=\"widget\" data-widget_type=\"image.default\">\n\t\t\t\t\t\t\t\t\t\t\t\t\t\t\t<img loading=\"lazy\" decoding=\"async\" width=\"711\" height=\"1024\" src=\"https:\/\/www.gustavnasmanolai.se\/wp-content\/uploads\/2025\/08\/20241102_144714-scaled-e1756814111643-711x1024.webp\" class=\"attachment-large size-large wp-image-1151\" alt=\"Swedish bagpipes 19th century\" srcset=\"https:\/\/www.gustavnasmanolai.se\/wp-content\/uploads\/2025\/08\/20241102_144714-scaled-e1756814111643-711x1024.webp 711w, https:\/\/www.gustavnasmanolai.se\/wp-content\/uploads\/2025\/08\/20241102_144714-scaled-e1756814111643-1066x1536.webp 1066w\" sizes=\"(max-width: 711px) 100vw, 711px\" \/>\t\t\t\t\t\t\t\t\t\t\t\t\t\t\t<\/div>\n\t\t\t\t<\/div>\n\t\t\t\t<div class=\"elementor-element elementor-element-485a0c8 elementor-widget-divider--view-line elementor-widget elementor-widget-divider\" data-id=\"485a0c8\" data-element_type=\"widget\" data-e-type=\"widget\" data-widget_type=\"divider.default\">\n\t\t\t\t\t\t\t<div class=\"elementor-divider\">\n\t\t\t<span class=\"elementor-divider-separator\">\n\t\t\t\t\t\t<\/span>\n\t\t<\/div>\n\t\t\t\t\t\t<\/div>\n\t\t\t\t<div class=\"elementor-element elementor-element-6666e8b elementor-widget elementor-widget-heading\" data-id=\"6666e8b\" data-element_type=\"widget\" data-e-type=\"widget\" data-widget_type=\"heading.default\">\n\t\t\t\t\t<h2 class=\"elementor-heading-title elementor-size-default\">Other projects<\/h2>\t\t\t\t<\/div>\n\t\t\t\t<div class=\"elementor-element elementor-element-35809db elementor-widget elementor-widget-text-editor\" data-id=\"35809db\" data-element_type=\"widget\" data-e-type=\"widget\" data-widget_type=\"text-editor.default\">\n\t\t\t\t\t\t\t\t\t<p class=\"translation-block\">Gustav collaborates with a variety of musicians in temporary and longer-term projects. He has, among other things, participated in SVT's <em>Historien om Sverige<\/em>, contributed sound to Teenage Engineering's flagship <a href=\"https:\/\/teenage.engineering\/products\/ep-1320\" target=\"_self\"><b>EP-1320 medieval<\/b><\/a>, and played with everything from rapper <a href=\"https:\/\/www.facebook.com\/Soulsagamusic\/\" target=\"_self\"><strong>Soulsaga<\/strong><\/a> to the ensemble <b><a href=\"https:\/\/narotadoperegrino.pt\/\" target=\"_self\">Na Rota do Peregrino<\/a> (Portugal).<\/p><p>\u00a0<\/p>\t\t\t\t\t\t\t\t<\/div>\n\t\t\t\t<div class=\"elementor-element elementor-element-84a0ab6 elementor-align-center elementor-widget elementor-widget-button\" data-id=\"84a0ab6\" data-element_type=\"widget\" data-e-type=\"widget\" data-widget_type=\"button.default\">\n\t\t\t\t\t\t\t\t\t\t<a class=\"elementor-button elementor-button-link elementor-size-sm\" href=\"https:\/\/www.gustavnasmanolai.se\/en\/kontakt\/\">\n\t\t\t\t\t\t<span class=\"elementor-button-content-wrapper\">\n\t\t\t\t\t\t\t\t\t<span class=\"elementor-button-text\">Contact<\/span>\n\t\t\t\t\t<\/span>\n\t\t\t\t\t<\/a>\n\t\t\t\t\t\t\t\t<\/div>\n\t\t\t\t<\/div>\n\t\t\t\t<\/div>\n\t\t\t\t\t<\/div>\n\t\t\t\t<\/div>\n\t\t<div class=\"elementor-element elementor-element-2232658 e-flex e-con-boxed e-con e-parent\" data-id=\"2232658\" data-element_type=\"container\" data-e-type=\"container\">\n\t\t\t\t\t<div class=\"e-con-inner\">\n\t\t\t\t\t<\/div>\n\t\t\t\t<\/div>\n\t\t\t\t<\/div>","protected":false},"excerpt":{"rendered":"<p>Musik Gustav spelar och sjunger b\u00e5de solo och i ett flertal grupper. Om du \u00e4r intresserad av att boka ett konsertprogram, eller har id\u00e9er p\u00e5 projekt du vill genomf\u00f6ra tillsammans med Gustav, tveka inte att h\u00f6ra av dig. Kontakt Sonus Chordarum \u2013 Str\u00e4ngarnas klang P\u00e5 gator och p\u00e5 krogar, i koja och i slott, till [&hellip;]<\/p>\n","protected":false},"author":1,"featured_media":0,"parent":0,"menu_order":0,"comment_status":"closed","ping_status":"closed","template":"","meta":{"_monsterinsights_skip_tracking":false,"_monsterinsights_sitenote_active":false,"_monsterinsights_sitenote_note":"","_monsterinsights_sitenote_category":0,"site-sidebar-layout":"no-sidebar","site-content-layout":"page-builder","ast-site-content-layout":"default","site-content-style":"default","site-sidebar-style":"default","ast-global-header-display":"","ast-banner-title-visibility":"","ast-main-header-display":"","ast-hfb-above-header-display":"","ast-hfb-below-header-display":"","ast-hfb-mobile-header-display":"","site-post-title":"","ast-breadcrumbs-content":"disabled","ast-featured-img":"disabled","footer-sml-layout":"","theme-transparent-header-meta":"enabled","adv-header-id-meta":"","stick-header-meta":"","header-above-stick-meta":"","header-main-stick-meta":"","header-below-stick-meta":"","astra-migrate-meta-layouts":"default","ast-page-background-enabled":"default","ast-page-background-meta":{"desktop":{"background-color":"","background-image":"","background-repeat":"repeat","background-position":"center center","background-size":"auto","background-attachment":"scroll","background-type":"","background-media":"","overlay-type":"","overlay-color":"","overlay-opacity":"","overlay-gradient":""},"tablet":{"background-color":"","background-image":"","background-repeat":"repeat","background-position":"center center","background-size":"auto","background-attachment":"scroll","background-type":"","background-media":"","overlay-type":"","overlay-color":"","overlay-opacity":"","overlay-gradient":""},"mobile":{"background-color":"","background-image":"","background-repeat":"repeat","background-position":"center center","background-size":"auto","background-attachment":"scroll","background-type":"","background-media":"","overlay-type":"","overlay-color":"","overlay-opacity":"","overlay-gradient":""}},"ast-content-background-meta":{"desktop":{"background-color":"var(--ast-global-color-5)","background-image":"","background-repeat":"repeat","background-position":"center center","background-size":"auto","background-attachment":"scroll","background-type":"","background-media":"","overlay-type":"","overlay-color":"","overlay-opacity":"","overlay-gradient":""},"tablet":{"background-color":"var(--ast-global-color-5)","background-image":"","background-repeat":"repeat","background-position":"center center","background-size":"auto","background-attachment":"scroll","background-type":"","background-media":"","overlay-type":"","overlay-color":"","overlay-opacity":"","overlay-gradient":""},"mobile":{"background-color":"var(--ast-global-color-5)","background-image":"","background-repeat":"repeat","background-position":"center center","background-size":"auto","background-attachment":"scroll","background-type":"","background-media":"","overlay-type":"","overlay-color":"","overlay-opacity":"","overlay-gradient":""}},"footnotes":""},"class_list":["post-491","page","type-page","status-publish","hentry"],"aioseo_notices":[],"_links":{"self":[{"href":"https:\/\/www.gustavnasmanolai.se\/en\/wp-json\/wp\/v2\/pages\/491","targetHints":{"allow":["GET"]}}],"collection":[{"href":"https:\/\/www.gustavnasmanolai.se\/en\/wp-json\/wp\/v2\/pages"}],"about":[{"href":"https:\/\/www.gustavnasmanolai.se\/en\/wp-json\/wp\/v2\/types\/page"}],"author":[{"embeddable":true,"href":"https:\/\/www.gustavnasmanolai.se\/en\/wp-json\/wp\/v2\/users\/1"}],"replies":[{"embeddable":true,"href":"https:\/\/www.gustavnasmanolai.se\/en\/wp-json\/wp\/v2\/comments?post=491"}],"version-history":[{"count":91,"href":"https:\/\/www.gustavnasmanolai.se\/en\/wp-json\/wp\/v2\/pages\/491\/revisions"}],"predecessor-version":[{"id":1577,"href":"https:\/\/www.gustavnasmanolai.se\/en\/wp-json\/wp\/v2\/pages\/491\/revisions\/1577"}],"wp:attachment":[{"href":"https:\/\/www.gustavnasmanolai.se\/en\/wp-json\/wp\/v2\/media?parent=491"}],"curies":[{"name":"wp","href":"https:\/\/api.w.org\/{rel}","templated":true}]}}