{"id":490,"date":"2025-07-18T22:25:52","date_gmt":"2025-07-18T20:25:52","guid":{"rendered":"https:\/\/www.gustavnasmanolai.se\/biography\/"},"modified":"2025-09-17T22:04:32","modified_gmt":"2025-09-17T20:04:32","slug":"om","status":"publish","type":"page","link":"https:\/\/www.gustavnasmanolai.se\/en\/om\/","title":{"rendered":"About"},"content":{"rendered":"<div data-elementor-type=\"wp-page\" data-elementor-id=\"490\" class=\"elementor elementor-490\">\n\t\t\t\t<div class=\"elementor-element elementor-element-ef5d51f e-flex e-con-boxed e-con e-parent\" data-id=\"ef5d51f\" data-element_type=\"container\" data-e-type=\"container\" data-settings=\"{&quot;background_background&quot;:&quot;classic&quot;}\">\n\t\t\t\t\t<div class=\"e-con-inner\">\n\t\t<div class=\"elementor-element elementor-element-44c577d e-con-full e-flex e-con e-child\" data-id=\"44c577d\" data-element_type=\"container\" data-e-type=\"container\">\n\t\t\t\t<div class=\"elementor-element elementor-element-34698d3 elementor-widget-divider--view-line elementor-widget elementor-widget-divider\" data-id=\"34698d3\" data-element_type=\"widget\" data-e-type=\"widget\" data-widget_type=\"divider.default\">\n\t\t\t\t\t\t\t<div class=\"elementor-divider\">\n\t\t\t<span class=\"elementor-divider-separator\">\n\t\t\t\t\t\t<\/span>\n\t\t<\/div>\n\t\t\t\t\t\t<\/div>\n\t\t\t\t<div class=\"elementor-element elementor-element-8a1085f elementor-widget elementor-widget-heading\" data-id=\"8a1085f\" data-element_type=\"widget\" data-e-type=\"widget\" data-widget_type=\"heading.default\">\n\t\t\t\t\t<h1 class=\"elementor-heading-title elementor-size-default\">About<\/h1>\t\t\t\t<\/div>\n\t\t\t\t<\/div>\n\t\t\t\t\t<\/div>\n\t\t\t\t<\/div>\n\t\t<div class=\"elementor-element elementor-element-78933ee e-flex e-con-boxed e-con e-parent\" data-id=\"78933ee\" data-element_type=\"container\" data-e-type=\"container\" data-settings=\"{&quot;background_background&quot;:&quot;classic&quot;}\">\n\t\t\t\t\t<div class=\"e-con-inner\">\n\t\t\t\t<div class=\"elementor-element elementor-element-d538060 elementor-widget elementor-widget-heading\" data-id=\"d538060\" data-element_type=\"widget\" data-e-type=\"widget\" data-widget_type=\"heading.default\">\n\t\t\t\t\t<h3 class=\"elementor-heading-title elementor-size-default\">Gustav N\u00e4sman Olai<\/h3>\t\t\t\t<\/div>\n\t\t\t\t<div class=\"elementor-element elementor-element-ddc916a elementor-widget elementor-widget-heading\" data-id=\"ddc916a\" data-element_type=\"widget\" data-e-type=\"widget\" data-widget_type=\"heading.default\">\n\t\t\t\t\t<div class=\"elementor-heading-title elementor-size-default\">Musician and musicologist<\/div>\t\t\t\t<\/div>\n\t\t\t\t\t<\/div>\n\t\t\t\t<\/div>\n\t\t<div class=\"elementor-element elementor-element-562a846 e-grid e-con-boxed e-con e-parent\" data-id=\"562a846\" data-element_type=\"container\" data-e-type=\"container\" data-settings=\"{&quot;background_background&quot;:&quot;classic&quot;}\">\n\t\t\t\t\t<div class=\"e-con-inner\">\n\t\t\t\t<div class=\"elementor-element elementor-element-ba89065 elementor-widget elementor-widget-image\" data-id=\"ba89065\" data-element_type=\"widget\" data-e-type=\"widget\" data-widget_type=\"image.default\">\n\t\t\t\t\t\t\t\t\t\t\t\t<figure class=\"wp-caption\">\n\t\t\t\t\t\t\t\t\t\t<img fetchpriority=\"high\" decoding=\"async\" width=\"683\" height=\"1024\" src=\"https:\/\/www.gustavnasmanolai.se\/wp-content\/uploads\/2025\/09\/DSC_5704-683x1024.webp\" class=\"attachment-large size-large wp-image-1304\" alt=\"Gustav with gittern\" srcset=\"https:\/\/www.gustavnasmanolai.se\/wp-content\/uploads\/2025\/09\/DSC_5704-683x1024.webp 683w, https:\/\/www.gustavnasmanolai.se\/wp-content\/uploads\/2025\/09\/DSC_5704-200x300.webp 200w, https:\/\/www.gustavnasmanolai.se\/wp-content\/uploads\/2025\/09\/DSC_5704-768x1152.webp 768w, https:\/\/www.gustavnasmanolai.se\/wp-content\/uploads\/2025\/09\/DSC_5704-1024x1536.webp 1024w, https:\/\/www.gustavnasmanolai.se\/wp-content\/uploads\/2025\/09\/DSC_5704.webp 1280w\" sizes=\"(max-width: 683px) 100vw, 683px\" \/>\t\t\t\t\t\t\t\t\t\t\t<figcaption class=\"widget-image-caption wp-caption-text\">Photo: Johan Nylin<\/figcaption>\n\t\t\t\t\t\t\t\t\t\t<\/figure>\n\t\t\t\t\t\t\t\t\t<\/div>\n\t\t\t\t<div class=\"elementor-element elementor-element-69b472c elementor-widget elementor-widget-text-editor\" data-id=\"69b472c\" data-element_type=\"widget\" data-e-type=\"widget\" data-widget_type=\"text-editor.default\">\n\t\t\t\t\t\t\t\t\t<p data-start=\"228\" data-end=\"461\">I am a musician and musicologist, focusing on conveying the sound and history of medieval music.<\/p><p data-start=\"228\" data-end=\"461\" class=\"translation-block\"><span style=\"font-style: inherit;font-weight: inherit\">My musical journey began in Swedish traditional music, but over the years has deepened into medieval music and its instruments. I have a\u00a0<\/span><span style=\"font-size: 1rem;font-style: inherit;font-weight: inherit\">master's degree in musicology from Uppsala University<\/span><span style=\"font-style: inherit;font-weight: inherit\"> and today I work primarily with string instruments such as the gittern and citole, but also with bagpipes, shawms and singing.<\/span><\/p><p data-start=\"700\" data-end=\"989\">\u00a0<\/p><h5 style=\"padding-left: 40px;\"><em>My goal is to bring the world of medieval music to life through both research and practical music making \u2013 and to share that knowledge with others.<\/em><\/h5><p data-start=\"700\" data-end=\"989\">\u00a0<\/p><p data-start=\"700\" data-end=\"989\" class=\"translation-block\">As a freelance musician and educator, I am active both in Sweden and internationally, leading courses, concerts and workshops. In addition to my more regular <strong><a href=\"https:\/\/www.gustavnasmanolai.se\/en\/musik\/\" target=\"_self\">music projects<\/a><\/strong>, I have contributed music and dance to SVT's (Swedish public service) <em>Historien om Sverige<\/em>, played with Portuguese <b><a href=\"https:\/\/narotadoperegrino.pt\/\" target=\"_self\">Na Rota do Peregrino<\/a>\u00a0<\/b> and am behind many of the sounds for Teenage Engineering's flagship <a href=\"https:\/\/teenage.engineering\/products\/ep-1320\" target=\"_self\"><b>EP-1320 medieval<\/b><\/a>.<\/p><p data-start=\"700\" data-end=\"989\" class=\"translation-block\">I am also involved in <strong data-start=\"899\" data-end=\"929\"><a href=\"https:\/\/fftm.se\/\" target=\"_self\">The Swedish Early Music Society<\/a><\/strong> and a member of the editorial board of the journal <strong data-start=\"971\" data-end=\"986\"><a href=\"https:\/\/fftm.se\/blogg\/tidskriften\/om-tidskriften\/\" target=\"_self\">Tidig Musik<\/a><\/strong>.<\/p>\t\t\t\t\t\t\t\t<\/div>\n\t\t\t\t\t<\/div>\n\t\t\t\t<\/div>\n\t\t<div class=\"elementor-element elementor-element-8a79b26 e-flex e-con-boxed e-con e-parent\" data-id=\"8a79b26\" data-element_type=\"container\" data-e-type=\"container\">\n\t\t\t\t\t<div class=\"e-con-inner\">\n\t\t\t\t<div class=\"elementor-element elementor-element-018664f elementor-widget-divider--view-line elementor-widget elementor-widget-divider\" data-id=\"018664f\" data-element_type=\"widget\" data-e-type=\"widget\" data-widget_type=\"divider.default\">\n\t\t\t\t\t\t\t<div class=\"elementor-divider\">\n\t\t\t<span class=\"elementor-divider-separator\">\n\t\t\t\t\t\t<\/span>\n\t\t<\/div>\n\t\t\t\t\t\t<\/div>\n\t\t\t\t<div class=\"elementor-element elementor-element-c6cc98c elementor-widget elementor-widget-text-editor\" data-id=\"c6cc98c\" data-element_type=\"widget\" data-e-type=\"widget\" data-widget_type=\"text-editor.default\">\n\t\t\t\t\t\t\t\t\t<h5><strong>A selection of past engagements and collaborations:<\/strong><\/h5><p><strong><a href=\"https:\/\/www.paradoxinteractive.com\/\">Paradox Interactive<\/a><\/strong><\/p><p><strong><a href=\"https:\/\/supercell.com\/\">Supercell<\/a><\/strong><\/p><p><strong><a href=\"https:\/\/www.blizzard.com\/\">Blizzard<\/a><\/strong><\/p><p><strong><a href=\"https:\/\/kompanibastard.se\/\">Kompani Bastard<\/a><\/strong><\/p><p><strong><a href=\"https:\/\/trollhattanstidigmusikdagar.se\/\">Trollh\u00e4ttans Tidig Musik-dagar<\/a><\/strong><\/p><p><strong><a href=\"https:\/\/www.nomemus.se\/\">NoMeMus<\/a><\/strong><\/p><p><strong><a href=\"https:\/\/olavsfest.no\/\">Olavsfestdagene i Trondheim<\/a><\/strong><\/p><p><strong><a href=\"https:\/\/www.medeltidsveckan.se\/\">Medeltidsveckan p\u00e5 Gotland<\/a><\/strong><\/p><p><strong><a href=\"https:\/\/museumhalland.se\/\">Hallands Kulturhistoriska Museum<\/a><\/strong><\/p><p><strong><a href=\"https:\/\/www.sodertalje.se\/kultur-och-fritid\/torekallberget\/\">Torek\u00e4llberget<\/a><\/strong><\/p><p><strong><a href=\"https:\/\/scenkonstmuseet.se\/\">Scenkonstmuseet<\/a><\/strong><\/p><p><strong><a href=\"https:\/\/www.svtplay.se\/historien-om-sverige\">SVT<\/a><\/strong><\/p><p><strong><a href=\"https:\/\/www.kommunal.se\/\">Fackf\u00f6rbundet Kommunal<\/a><\/strong><\/p><p class=\"translation-block\"><strong>The Church of Sweden<\/strong> in, among others, <a href=\"https:\/\/www.svenskakyrkan.se\/visby\" target=\"_self\"><strong>Visby<\/strong><\/a><strong>, <a href=\"https:\/\/www.svenskakyrkan.se\/botkyrka\" target=\"_self\">Botkyrka<\/a>, <a href=\"https:\/\/www.svenskakyrkan.se\/ostervala-harbo\/aspnas-gardskyrka\" target=\"_self\">Aspn\u00e4s<\/a> <\/strong> and <strong><a href=\"https:\/\/www.svenskakyrkan.se\/brannkyrka\" target=\"_self\">Br\u00e4nnkyrka<\/a>. <\/strong><\/p>\t\t\t\t\t\t\t\t<\/div>\n\t\t\t\t\t<\/div>\n\t\t\t\t<\/div>\n\t\t\t\t<\/div>","protected":false},"excerpt":{"rendered":"<p>Om Gustav N\u00e4sman Olai Musiker och musikvetare Foto: Johan Nylin Jag \u00a0\u00e4r musiker och musikvetare, med fokus p\u00e5 att f\u00f6rmedla den medeltida musikens klang och historia. Min musikaliska resa b\u00f6rjade i den svenska folkmusiken, men har med \u00e5ren f\u00f6rdjupats i medeltida musik och dess instrument. Jag har en\u00a0masterexamen i musikvetenskap fr\u00e5n Uppsala universitet\u00a0och arbetar idag [&hellip;]<\/p>\n","protected":false},"author":1,"featured_media":0,"parent":0,"menu_order":0,"comment_status":"closed","ping_status":"closed","template":"","meta":{"_monsterinsights_skip_tracking":false,"_monsterinsights_sitenote_active":false,"_monsterinsights_sitenote_note":"","_monsterinsights_sitenote_category":0,"site-sidebar-layout":"no-sidebar","site-content-layout":"page-builder","ast-site-content-layout":"full-width-container","site-content-style":"unboxed","site-sidebar-style":"unboxed","ast-global-header-display":"","ast-banner-title-visibility":"","ast-main-header-display":"","ast-hfb-above-header-display":"","ast-hfb-below-header-display":"","ast-hfb-mobile-header-display":"","site-post-title":"","ast-breadcrumbs-content":"disabled","ast-featured-img":"disabled","footer-sml-layout":"","theme-transparent-header-meta":"enabled","adv-header-id-meta":"","stick-header-meta":"","header-above-stick-meta":"","header-main-stick-meta":"","header-below-stick-meta":"","astra-migrate-meta-layouts":"set","ast-page-background-enabled":"default","ast-page-background-meta":{"desktop":{"background-color":"","background-image":"","background-repeat":"repeat","background-position":"center center","background-size":"auto","background-attachment":"scroll","background-type":"","background-media":"","overlay-type":"","overlay-color":"","overlay-opacity":"","overlay-gradient":""},"tablet":{"background-color":"","background-image":"","background-repeat":"repeat","background-position":"center center","background-size":"auto","background-attachment":"scroll","background-type":"","background-media":"","overlay-type":"","overlay-color":"","overlay-opacity":"","overlay-gradient":""},"mobile":{"background-color":"","background-image":"","background-repeat":"repeat","background-position":"center center","background-size":"auto","background-attachment":"scroll","background-type":"","background-media":"","overlay-type":"","overlay-color":"","overlay-opacity":"","overlay-gradient":""}},"ast-content-background-meta":{"desktop":{"background-color":"var(--ast-global-color-5)","background-image":"","background-repeat":"repeat","background-position":"center center","background-size":"auto","background-attachment":"scroll","background-type":"","background-media":"","overlay-type":"","overlay-color":"","overlay-opacity":"","overlay-gradient":""},"tablet":{"background-color":"var(--ast-global-color-5)","background-image":"","background-repeat":"repeat","background-position":"center center","background-size":"auto","background-attachment":"scroll","background-type":"","background-media":"","overlay-type":"","overlay-color":"","overlay-opacity":"","overlay-gradient":""},"mobile":{"background-color":"var(--ast-global-color-5)","background-image":"","background-repeat":"repeat","background-position":"center center","background-size":"auto","background-attachment":"scroll","background-type":"","background-media":"","overlay-type":"","overlay-color":"","overlay-opacity":"","overlay-gradient":""}},"footnotes":""},"class_list":["post-490","page","type-page","status-publish","hentry"],"aioseo_notices":[],"_links":{"self":[{"href":"https:\/\/www.gustavnasmanolai.se\/en\/wp-json\/wp\/v2\/pages\/490","targetHints":{"allow":["GET"]}}],"collection":[{"href":"https:\/\/www.gustavnasmanolai.se\/en\/wp-json\/wp\/v2\/pages"}],"about":[{"href":"https:\/\/www.gustavnasmanolai.se\/en\/wp-json\/wp\/v2\/types\/page"}],"author":[{"embeddable":true,"href":"https:\/\/www.gustavnasmanolai.se\/en\/wp-json\/wp\/v2\/users\/1"}],"replies":[{"embeddable":true,"href":"https:\/\/www.gustavnasmanolai.se\/en\/wp-json\/wp\/v2\/comments?post=490"}],"version-history":[{"count":64,"href":"https:\/\/www.gustavnasmanolai.se\/en\/wp-json\/wp\/v2\/pages\/490\/revisions"}],"predecessor-version":[{"id":1560,"href":"https:\/\/www.gustavnasmanolai.se\/en\/wp-json\/wp\/v2\/pages\/490\/revisions\/1560"}],"wp:attachment":[{"href":"https:\/\/www.gustavnasmanolai.se\/en\/wp-json\/wp\/v2\/media?parent=490"}],"curies":[{"name":"wp","href":"https:\/\/api.w.org\/{rel}","templated":true}]}}