{"id":489,"date":"2025-07-18T22:25:52","date_gmt":"2025-07-18T20:25:52","guid":{"rendered":"https:\/\/www.gustavnasmanolai.se\/home\/"},"modified":"2025-10-14T14:20:09","modified_gmt":"2025-10-14T12:20:09","slug":"hem","status":"publish","type":"page","link":"https:\/\/www.gustavnasmanolai.se\/en\/","title":{"rendered":"Home"},"content":{"rendered":"<div data-elementor-type=\"wp-page\" data-elementor-id=\"489\" class=\"elementor elementor-489\">\n\t\t\t\t<div class=\"elementor-element elementor-element-ea30522 e-flex e-con-boxed e-con e-parent\" data-id=\"ea30522\" data-element_type=\"container\" data-e-type=\"container\" data-settings=\"{&quot;background_background&quot;:&quot;classic&quot;}\">\n\t\t\t\t\t<div class=\"e-con-inner\">\n\t\t<div class=\"elementor-element elementor-element-462a87e e-con-full e-flex e-con e-child\" data-id=\"462a87e\" data-element_type=\"container\" data-e-type=\"container\">\n\t\t\t\t<div class=\"elementor-element elementor-element-d253536 elementor-widget elementor-widget-heading\" data-id=\"d253536\" data-element_type=\"widget\" data-e-type=\"widget\" data-widget_type=\"heading.default\">\n\t\t\t\t\t<h1 class=\"elementor-heading-title elementor-size-default\">Gustav N\u00e4sman Olai<\/h1>\t\t\t\t<\/div>\n\t\t\t\t<div class=\"elementor-element elementor-element-39cc379 elementor-widget elementor-widget-text-editor\" data-id=\"39cc379\" data-element_type=\"widget\" data-e-type=\"widget\" data-widget_type=\"text-editor.default\">\n\t\t\t\t\t\t\t\t\t<p>Medieval music\u00a0<\/p>\t\t\t\t\t\t\t\t<\/div>\n\t\t\t\t<\/div>\n\t\t\t\t\t<\/div>\n\t\t\t\t<\/div>\n\t\t<div class=\"elementor-element elementor-element-a287ba7 e-flex e-con-boxed e-con e-parent\" data-id=\"a287ba7\" data-element_type=\"container\" data-e-type=\"container\" data-settings=\"{&quot;background_background&quot;:&quot;classic&quot;}\">\n\t\t\t\t\t<div class=\"e-con-inner\">\n\t\t<div class=\"elementor-element elementor-element-30d2c60 e-con-full e-flex e-con e-child\" data-id=\"30d2c60\" data-element_type=\"container\" data-e-type=\"container\">\n\t\t\t\t<div class=\"elementor-element elementor-element-ce38bbe elementor-widget elementor-widget-image\" data-id=\"ce38bbe\" data-element_type=\"widget\" data-e-type=\"widget\" data-widget_type=\"image.default\">\n\t\t\t\t\t\t\t\t\t\t\t\t\t\t\t<img fetchpriority=\"high\" decoding=\"async\" width=\"1907\" height=\"1908\" src=\"https:\/\/www.gustavnasmanolai.se\/wp-content\/uploads\/2025\/08\/GustavFacultypic.webp\" class=\"attachment-full size-full wp-image-1097\" alt=\"Musician playing medieval citole\" srcset=\"https:\/\/www.gustavnasmanolai.se\/wp-content\/uploads\/2025\/08\/GustavFacultypic.webp 1907w, https:\/\/www.gustavnasmanolai.se\/wp-content\/uploads\/2025\/08\/GustavFacultypic-300x300.webp 300w, https:\/\/www.gustavnasmanolai.se\/wp-content\/uploads\/2025\/08\/GustavFacultypic-1024x1024.webp 1024w, https:\/\/www.gustavnasmanolai.se\/wp-content\/uploads\/2025\/08\/GustavFacultypic-150x150.webp 150w, https:\/\/www.gustavnasmanolai.se\/wp-content\/uploads\/2025\/08\/GustavFacultypic-768x768.webp 768w, https:\/\/www.gustavnasmanolai.se\/wp-content\/uploads\/2025\/08\/GustavFacultypic-1536x1536.webp 1536w\" sizes=\"(max-width: 1907px) 100vw, 1907px\" \/>\t\t\t\t\t\t\t\t\t\t\t\t\t\t\t<\/div>\n\t\t\t\t<\/div>\n\t\t<div class=\"elementor-element elementor-element-962b68d e-con-full e-flex e-con e-child\" data-id=\"962b68d\" data-element_type=\"container\" data-e-type=\"container\">\n\t\t\t\t<div class=\"elementor-element elementor-element-00d8686 elementor-widget elementor-widget-text-editor\" data-id=\"00d8686\" data-element_type=\"widget\" data-e-type=\"widget\" data-widget_type=\"text-editor.default\">\n\t\t\t\t\t\t\t\t\t<p class=\"translation-block\">Gustav N\u00e4sman Olai is a Swedish musician and musicologist specialising in medieval music. He plays, among other things, the <em>gittern, citole, bagpipes, shawms<\/em> and <em>sings<\/em>.<\/p>\n<p>With a background in traditional music, Gustav turned to medieval music at an early age and has been active as a musician since 2006. Over time, his interest in going directly to the sources and artistically exploring the music on a musicological basis also grew.<\/p>\n<p>Gustav has a master's degree in musicology from Uppsala University and has studied at Medieval Music Besal\u00f9, where he now teaches playing medieval string instruments.<\/p>\t\t\t\t\t\t\t\t<\/div>\n\t\t\t\t<div class=\"elementor-element elementor-element-168ad41 elementor-align-center elementor-widget elementor-widget-button\" data-id=\"168ad41\" data-element_type=\"widget\" data-e-type=\"widget\" data-widget_type=\"button.default\">\n\t\t\t\t\t\t\t\t\t\t<a class=\"elementor-button elementor-button-link elementor-size-sm\" href=\"https:\/\/www.gustavnasmanolai.se\/en\/om\/\">\n\t\t\t\t\t\t<span class=\"elementor-button-content-wrapper\">\n\t\t\t\t\t\t\t\t\t<span class=\"elementor-button-text\">Read more <\/span>\n\t\t\t\t\t<\/span>\n\t\t\t\t\t<\/a>\n\t\t\t\t\t\t\t\t<\/div>\n\t\t\t\t<\/div>\n\t\t\t\t\t<\/div>\n\t\t\t\t<\/div>\n\t\t<div class=\"elementor-element elementor-element-1935d40 e-con-full e-flex e-con e-parent\" data-id=\"1935d40\" data-element_type=\"container\" data-e-type=\"container\">\n\t\t<div class=\"elementor-element elementor-element-821c634 e-con-full e-flex e-con e-child\" data-id=\"821c634\" data-element_type=\"container\" data-e-type=\"container\">\n\t\t\t\t<div class=\"elementor-element elementor-element-7656f5d elementor-widget elementor-widget-image\" data-id=\"7656f5d\" data-element_type=\"widget\" data-e-type=\"widget\" data-widget_type=\"image.default\">\n\t\t\t\t\t\t\t\t\t\t\t\t\t\t\t<img decoding=\"async\" width=\"1920\" height=\"601\" src=\"https:\/\/www.gustavnasmanolai.se\/wp-content\/uploads\/2025\/08\/Medeltidsinstrument-scaled.webp\" class=\"attachment-full size-full wp-image-1137\" alt=\"Medieval instruments: citole, bagpipes, gittern, shawm and flute\" srcset=\"https:\/\/www.gustavnasmanolai.se\/wp-content\/uploads\/2025\/08\/Medeltidsinstrument-scaled.webp 1920w, https:\/\/www.gustavnasmanolai.se\/wp-content\/uploads\/2025\/08\/Medeltidsinstrument-300x94.webp 300w, https:\/\/www.gustavnasmanolai.se\/wp-content\/uploads\/2025\/08\/Medeltidsinstrument-1024x320.webp 1024w, https:\/\/www.gustavnasmanolai.se\/wp-content\/uploads\/2025\/08\/Medeltidsinstrument-768x240.webp 768w, https:\/\/www.gustavnasmanolai.se\/wp-content\/uploads\/2025\/08\/Medeltidsinstrument-1536x480.webp 1536w\" sizes=\"(max-width: 1920px) 100vw, 1920px\" \/>\t\t\t\t\t\t\t\t\t\t\t\t\t\t\t<\/div>\n\t\t\t\t<\/div>\n\t\t\t\t<\/div>\n\t\t<div class=\"elementor-element elementor-element-8673719 e-con-full e-flex e-con e-parent\" data-id=\"8673719\" data-element_type=\"container\" data-e-type=\"container\" data-settings=\"{&quot;background_background&quot;:&quot;classic&quot;}\">\n\t\t<div class=\"elementor-element elementor-element-735525a e-con-full e-flex e-con e-child\" data-id=\"735525a\" data-element_type=\"container\" data-e-type=\"container\">\n\t\t\t\t<div class=\"elementor-element elementor-element-c9026fe elementor-widget elementor-widget-heading\" data-id=\"c9026fe\" data-element_type=\"widget\" data-e-type=\"widget\" data-widget_type=\"heading.default\">\n\t\t\t\t\t<h2 class=\"elementor-heading-title elementor-size-default\">Music<\/h2>\t\t\t\t<\/div>\n\t\t\t\t<div class=\"elementor-element elementor-element-8d0d6a1 elementor-widget elementor-widget-text-editor\" data-id=\"8d0d6a1\" data-element_type=\"widget\" data-e-type=\"widget\" data-widget_type=\"text-editor.default\">\n\t\t\t\t\t\t\t\t\t<p>Gustav performs both solo and in several groups, everywhere from medieval markets and churches to taverns and company parties.<\/p>\t\t\t\t\t\t\t\t<\/div>\n\t\t<div class=\"elementor-element elementor-element-8d4fb9f e-flex e-con-boxed e-con e-child\" data-id=\"8d4fb9f\" data-element_type=\"container\" data-e-type=\"container\">\n\t\t\t\t\t<div class=\"e-con-inner\">\n\t\t\t\t<div class=\"elementor-element elementor-element-58412e3 elementor-widget__width-initial elementor-widget-tablet__width-initial elementor-widget-mobile__width-inherit elementor-position-top elementor-widget elementor-widget-image-box\" data-id=\"58412e3\" data-element_type=\"widget\" data-e-type=\"widget\" data-widget_type=\"image-box.default\">\n\t\t\t\t\t<div class=\"elementor-image-box-wrapper\"><figure class=\"elementor-image-box-img\"><a href=\"https:\/\/www.gustavnasmanolai.se\/en\/musik\/#sonus-chordarum\" tabindex=\"-1\"><img decoding=\"async\" src=\"https:\/\/www.gustavnasmanolai.se\/wp-content\/uploads\/elementor\/thumbs\/Citole2-scaled-rbi1wrlwiqzdkaga6z7mqopg6os7cn7jzz41xte8io.webp\" title=\"Citole closeup\" alt=\"Closeup of medieval citole\" loading=\"lazy\" \/><\/a><\/figure><div class=\"elementor-image-box-content\"><h4 class=\"elementor-image-box-title\"><a href=\"https:\/\/www.gustavnasmanolai.se\/en\/musik\/#sonus-chordarum\">Sonus Chordarum<\/a><\/h4><p class=\"elementor-image-box-description\">On the streets and in taverns, in huts and castles, for singng and dancing \u2013 the sounds of strings were heard everywhere.<\/p><\/div><\/div>\t\t\t\t<\/div>\n\t\t\t\t<div class=\"elementor-element elementor-element-849fa8a elementor-widget__width-initial elementor-widget-tablet__width-initial elementor-widget-mobile__width-inherit elementor-position-top elementor-widget elementor-widget-image-box\" data-id=\"849fa8a\" data-element_type=\"widget\" data-e-type=\"widget\" data-widget_type=\"image-box.default\">\n\t\t\t\t\t<div class=\"elementor-image-box-wrapper\"><figure class=\"elementor-image-box-img\"><a href=\"https:\/\/www.gustavnasmanolai.se\/en\/musik\/#sjal\" tabindex=\"-1\"><img decoding=\"async\" src=\"https:\/\/www.gustavnasmanolai.se\/wp-content\/uploads\/elementor\/thumbs\/Sjal-staende-muren-2024-scaled-rbi1vxj2g1u78rnz2m7kiwap6cwgibw57u8ikymu1s.webp\" title=\"Sja\u0308l sta\u030aende muren 2024\" alt=\"Musicians playing by medieval wall in Visby, Sweden\" loading=\"lazy\" \/><\/a><\/figure><div class=\"elementor-image-box-content\"><h4 class=\"elementor-image-box-title\"><a href=\"https:\/\/www.gustavnasmanolai.se\/en\/musik\/#sjal\">Sj\u00e4l<\/a><\/h4><p class=\"elementor-image-box-description\">With their unique sound, the medieval band Sj\u00e4l has interpreted medieval music for two decades. With a folk musical attitude, Sj\u00e4l brings the audience into the Middle Ages.<\/p><\/div><\/div>\t\t\t\t<\/div>\n\t\t\t\t<div class=\"elementor-element elementor-element-7923274 elementor-widget__width-initial elementor-widget-tablet__width-initial elementor-widget-mobile__width-inherit elementor-position-top elementor-widget elementor-widget-image-box\" data-id=\"7923274\" data-element_type=\"widget\" data-e-type=\"widget\" data-widget_type=\"image-box.default\">\n\t\t\t\t\t<div class=\"elementor-image-box-wrapper\"><figure class=\"elementor-image-box-img\"><a href=\"https:\/\/www.gustavnasmanolai.se\/en\/musik\/#mediata\" tabindex=\"-1\"><img decoding=\"async\" src=\"https:\/\/www.gustavnasmanolai.se\/wp-content\/uploads\/elementor\/thumbs\/mediata_press_2025_staende_1x1-scaled-rd70x90pbq2fmmsh2ilwun4om0vlgu1vz20leaxpy8.webp\" title=\"mediata_press_2025_staende_1x1\" alt=\"mediata_press_2025_staende_1x1\" loading=\"lazy\" \/><\/a><\/figure><div class=\"elementor-image-box-content\"><h4 class=\"elementor-image-box-title\"><a href=\"https:\/\/www.gustavnasmanolai.se\/en\/musik\/#mediata\">Ensemble Mediata<\/a><\/h4><p class=\"elementor-image-box-description\"><span>The word Mediata comes from a medieval ornament where the tone between two notes is used as a \u201cmediator.\u201d In the same way, Ensemble Mediata wants to be a mediator between medieval music creators and today's audience.<\/span><\/p><\/div><\/div>\t\t\t\t<\/div>\n\t\t\t\t<div class=\"elementor-element elementor-element-c7fb167 elementor-widget__width-initial elementor-widget-tablet__width-initial elementor-widget-mobile__width-inherit elementor-position-top elementor-widget elementor-widget-image-box\" data-id=\"c7fb167\" data-element_type=\"widget\" data-e-type=\"widget\" data-widget_type=\"image-box.default\">\n\t\t\t\t\t<div class=\"elementor-image-box-wrapper\"><figure class=\"elementor-image-box-img\"><a href=\"https:\/\/www.gustavnasmanolai.se\/en\/musik\/#sackpipa\" tabindex=\"-1\"><img decoding=\"async\" src=\"https:\/\/www.gustavnasmanolai.se\/wp-content\/uploads\/elementor\/thumbs\/20241102_144714-scaled-e1756814388839-rbi1vfo4u75r46dwywhnpisxw1chg2x8tduagpdbc0.webp\" title=\"Gustav s\u00e4ckpipa 1800-tal\" alt=\"Swedish bagpipes 19th century\" loading=\"lazy\" \/><\/a><\/figure><div class=\"elementor-image-box-content\"><h4 class=\"elementor-image-box-title\"><a href=\"https:\/\/www.gustavnasmanolai.se\/en\/musik\/#sackpipa\">The Swedish Bagpipes<\/a><\/h4><p class=\"elementor-image-box-description\">There is a centuries-old tradition of playing the bagpipes in Sweden. With its distinctive sound, the instrument is suitable for both historical reenactment and more recent music.<\/p><\/div><\/div>\t\t\t\t<\/div>\n\t\t\t\t\t<\/div>\n\t\t\t\t<\/div>\n\t\t\t\t<div class=\"elementor-element elementor-element-fbc281d elementor-align-center elementor-widget elementor-widget-button\" data-id=\"fbc281d\" data-element_type=\"widget\" data-e-type=\"widget\" data-widget_type=\"button.default\">\n\t\t\t\t\t\t\t\t\t\t<a class=\"elementor-button elementor-button-link elementor-size-sm\" href=\"https:\/\/www.gustavnasmanolai.se\/en\/musik\/\">\n\t\t\t\t\t\t<span class=\"elementor-button-content-wrapper\">\n\t\t\t\t\t\t\t\t\t<span class=\"elementor-button-text\">Read more<\/span>\n\t\t\t\t\t<\/span>\n\t\t\t\t\t<\/a>\n\t\t\t\t\t\t\t\t<\/div>\n\t\t\t\t<\/div>\n\t\t\t\t<\/div>\n\t\t\t\t<\/div>","protected":false},"excerpt":{"rendered":"<p>Gustav N\u00e4sman Olai Medeltida musik\u00a0 Gustav N\u00e4sman Olai \u00e4r musiker och musikvetare med inriktning p\u00e5 medeltida musik. Han spelar bland annat gittern, citole, s\u00e4ckpipor, skalmejor och sjunger. Med en bakgrund inom folkmusiken s\u00f6kte sig Gustav tidigt till den medeltida musiken och har varit aktiv som musiker sedan 2006. Med tiden v\u00e4xte \u00e4ven intresset f\u00f6r att [&hellip;]<\/p>\n","protected":false},"author":1,"featured_media":0,"parent":0,"menu_order":0,"comment_status":"closed","ping_status":"closed","template":"","meta":{"_monsterinsights_skip_tracking":false,"_monsterinsights_sitenote_active":false,"_monsterinsights_sitenote_note":"","_monsterinsights_sitenote_category":0,"site-sidebar-layout":"no-sidebar","site-content-layout":"page-builder","ast-site-content-layout":"full-width-container","site-content-style":"unboxed","site-sidebar-style":"unboxed","ast-global-header-display":"","ast-banner-title-visibility":"","ast-main-header-display":"","ast-hfb-above-header-display":"","ast-hfb-below-header-display":"","ast-hfb-mobile-header-display":"","site-post-title":"disabled","ast-breadcrumbs-content":"disabled","ast-featured-img":"disabled","footer-sml-layout":"","theme-transparent-header-meta":"enabled","adv-header-id-meta":"","stick-header-meta":"","header-above-stick-meta":"","header-main-stick-meta":"","header-below-stick-meta":"","astra-migrate-meta-layouts":"set","ast-page-background-enabled":"default","ast-page-background-meta":{"desktop":{"background-color":"","background-image":"","background-repeat":"repeat","background-position":"center center","background-size":"auto","background-attachment":"scroll","background-type":"","background-media":"","overlay-type":"","overlay-color":"","overlay-opacity":"","overlay-gradient":""},"tablet":{"background-color":"","background-image":"","background-repeat":"repeat","background-position":"center center","background-size":"auto","background-attachment":"scroll","background-type":"","background-media":"","overlay-type":"","overlay-color":"","overlay-opacity":"","overlay-gradient":""},"mobile":{"background-color":"","background-image":"","background-repeat":"repeat","background-position":"center center","background-size":"auto","background-attachment":"scroll","background-type":"","background-media":"","overlay-type":"","overlay-color":"","overlay-opacity":"","overlay-gradient":""}},"ast-content-background-meta":{"desktop":{"background-color":"var(--ast-global-color-5)","background-image":"","background-repeat":"repeat","background-position":"center center","background-size":"auto","background-attachment":"scroll","background-type":"","background-media":"","overlay-type":"","overlay-color":"","overlay-opacity":"","overlay-gradient":""},"tablet":{"background-color":"var(--ast-global-color-5)","background-image":"","background-repeat":"repeat","background-position":"center center","background-size":"auto","background-attachment":"scroll","background-type":"","background-media":"","overlay-type":"","overlay-color":"","overlay-opacity":"","overlay-gradient":""},"mobile":{"background-color":"var(--ast-global-color-5)","background-image":"","background-repeat":"repeat","background-position":"center center","background-size":"auto","background-attachment":"scroll","background-type":"","background-media":"","overlay-type":"","overlay-color":"","overlay-opacity":"","overlay-gradient":""}},"footnotes":""},"class_list":["post-489","page","type-page","status-publish","hentry"],"aioseo_notices":[],"_links":{"self":[{"href":"https:\/\/www.gustavnasmanolai.se\/en\/wp-json\/wp\/v2\/pages\/489","targetHints":{"allow":["GET"]}}],"collection":[{"href":"https:\/\/www.gustavnasmanolai.se\/en\/wp-json\/wp\/v2\/pages"}],"about":[{"href":"https:\/\/www.gustavnasmanolai.se\/en\/wp-json\/wp\/v2\/types\/page"}],"author":[{"embeddable":true,"href":"https:\/\/www.gustavnasmanolai.se\/en\/wp-json\/wp\/v2\/users\/1"}],"replies":[{"embeddable":true,"href":"https:\/\/www.gustavnasmanolai.se\/en\/wp-json\/wp\/v2\/comments?post=489"}],"version-history":[{"count":75,"href":"https:\/\/www.gustavnasmanolai.se\/en\/wp-json\/wp\/v2\/pages\/489\/revisions"}],"predecessor-version":[{"id":1573,"href":"https:\/\/www.gustavnasmanolai.se\/en\/wp-json\/wp\/v2\/pages\/489\/revisions\/1573"}],"wp:attachment":[{"href":"https:\/\/www.gustavnasmanolai.se\/en\/wp-json\/wp\/v2\/media?parent=489"}],"curies":[{"name":"wp","href":"https:\/\/api.w.org\/{rel}","templated":true}]}}