{"id":1112,"date":"2025-08-27T21:09:13","date_gmt":"2025-08-27T19:09:13","guid":{"rendered":"https:\/\/www.gustavnasmanolai.se\/?page_id=1112"},"modified":"2026-02-20T22:01:37","modified_gmt":"2026-02-20T21:01:37","slug":"kalendarium","status":"publish","type":"page","link":"https:\/\/www.gustavnasmanolai.se\/en\/kalendarium\/","title":{"rendered":"Calendar"},"content":{"rendered":"<div data-elementor-type=\"wp-page\" data-elementor-id=\"1112\" class=\"elementor elementor-1112\">\n\t\t\t\t<div class=\"elementor-element elementor-element-e836f1c e-flex e-con-boxed e-con e-parent\" data-id=\"e836f1c\" data-element_type=\"container\" data-e-type=\"container\" data-settings=\"{&quot;background_background&quot;:&quot;classic&quot;}\">\n\t\t\t\t\t<div class=\"e-con-inner\">\n\t\t<div class=\"elementor-element elementor-element-b97a9ad e-con-full e-flex e-con e-child\" data-id=\"b97a9ad\" data-element_type=\"container\" data-e-type=\"container\">\n\t\t\t\t<div class=\"elementor-element elementor-element-9e37f99 elementor-widget-divider--view-line elementor-widget elementor-widget-divider\" data-id=\"9e37f99\" data-element_type=\"widget\" data-e-type=\"widget\" data-widget_type=\"divider.default\">\n\t\t\t\t\t\t\t<div class=\"elementor-divider\">\n\t\t\t<span class=\"elementor-divider-separator\">\n\t\t\t\t\t\t<\/span>\n\t\t<\/div>\n\t\t\t\t\t\t<\/div>\n\t\t\t\t<div class=\"elementor-element elementor-element-10ed086 elementor-widget elementor-widget-heading\" data-id=\"10ed086\" data-element_type=\"widget\" data-e-type=\"widget\" data-widget_type=\"heading.default\">\n\t\t\t\t\t<h1 class=\"elementor-heading-title elementor-size-default\">Calendar<\/h1>\t\t\t\t<\/div>\n\t\t\t\t<\/div>\n\t\t\t\t\t<\/div>\n\t\t\t\t<\/div>\n\t\t<div class=\"elementor-element elementor-element-24efa50 e-flex e-con-boxed e-con e-parent\" data-id=\"24efa50\" data-element_type=\"container\" data-e-type=\"container\" data-settings=\"{&quot;background_background&quot;:&quot;classic&quot;}\">\n\t\t\t\t\t<div class=\"e-con-inner\">\n\t\t\t\t<div class=\"elementor-element elementor-element-6738b4d elementor-widget elementor-widget-heading\" data-id=\"6738b4d\" data-element_type=\"widget\" data-e-type=\"widget\" data-widget_type=\"heading.default\">\n\t\t\t\t\t<h2 class=\"elementor-heading-title elementor-size-default\">2026<\/h2>\t\t\t\t<\/div>\n\t\t\t\t<div class=\"elementor-element elementor-element-bbf9d7b elementor-widget elementor-widget-text-editor\" data-id=\"bbf9d7b\" data-element_type=\"widget\" data-e-type=\"widget\" data-widget_type=\"text-editor.default\">\n\t\t\t\t\t\t\t\t\t<p><strong>25 april. Scenkonstmuseet, Stockholm.<\/strong><br \/><span style=\"font-style: inherit; font-weight: inherit;\">Ars Musice \u2013 v\u00e5rens musik! Kurs i medeltida musik f\u00f6r s\u00e5ngare och instrumentalister, under ledning av Karin Lagergren och Gustav N\u00e4sman Olai.\u00a0<\/span><a style=\"font-style: inherit; font-weight: inherit; background-color: #fef1e4; font-size: 1rem;\" href=\"https:\/\/www.studieframjandet.se\/stockholms-lan\/gustav-arrangemang\/kalenderhandelser\/2026\/april\/ars-musice--varens-musik\/\">Mer info och anm\u00e4lan via Studiefr\u00e4mjandet.<\/a><\/p>\t\t\t\t\t\t\t\t<\/div>\n\t\t\t\t<div class=\"elementor-element elementor-element-d1ef121 elementor-widget elementor-widget-text-editor\" data-id=\"d1ef121\" data-element_type=\"widget\" data-e-type=\"widget\" data-widget_type=\"text-editor.default\">\n\t\t\t\t\t\t\t\t\t<p><strong>16 maj. Scenkonstmuseet, Stockholm.<\/strong><br \/><span style=\"font-style: inherit; font-weight: inherit;\">Ars Instrumentorum \u2013 kurs i medeltida musik f\u00f6r instrumentalister. <a href=\"https:\/\/www.studieframjandet.se\/stockholms-lan\/gustav-arrangemang\/kalenderhandelser\/2026\/maj\/ars-instrumentorum--upptack-medeltidens-musik\/\">Mer info och anm\u00e4lan via Studiefr\u00e4mjandet.<\/a><\/span><\/p>\t\t\t\t\t\t\t\t<\/div>\n\t\t\t\t\t<\/div>\n\t\t\t\t<\/div>\n\t\t<div class=\"elementor-element elementor-element-e9695e1 e-flex e-con-boxed e-con e-parent\" data-id=\"e9695e1\" data-element_type=\"container\" data-e-type=\"container\">\n\t\t\t\t\t<div class=\"e-con-inner\">\n\t\t\t\t<div class=\"elementor-element elementor-element-a228b81 elementor-widget elementor-widget-image\" data-id=\"a228b81\" data-element_type=\"widget\" data-e-type=\"widget\" data-widget_type=\"image.default\">\n\t\t\t\t\t\t\t\t\t\t\t\t\t\t\t<img fetchpriority=\"high\" decoding=\"async\" width=\"512\" height=\"512\" src=\"https:\/\/www.gustavnasmanolai.se\/wp-content\/uploads\/2025\/09\/Logga-gittern-1.webp\" class=\"attachment-large size-large wp-image-1353\" alt=\"Gittern logo\" srcset=\"https:\/\/www.gustavnasmanolai.se\/wp-content\/uploads\/2025\/09\/Logga-gittern-1.webp 512w, https:\/\/www.gustavnasmanolai.se\/wp-content\/uploads\/2025\/09\/Logga-gittern-1-300x300.png 300w, https:\/\/www.gustavnasmanolai.se\/wp-content\/uploads\/2025\/09\/Logga-gittern-1-150x150.webp 150w, https:\/\/www.gustavnasmanolai.se\/wp-content\/uploads\/2025\/09\/Logga-gittern-1-12x12.webp 12w, https:\/\/www.gustavnasmanolai.se\/wp-content\/uploads\/2025\/09\/Logga-gittern-1-160x160.webp 160w\" sizes=\"(max-width: 512px) 100vw, 512px\" \/>\t\t\t\t\t\t\t\t\t\t\t\t\t\t\t<\/div>\n\t\t<div class=\"elementor-element elementor-element-078047e e-con-full e-flex e-con e-child\" data-id=\"078047e\" data-element_type=\"container\" data-e-type=\"container\">\n\t\t\t\t<div class=\"elementor-element elementor-element-b0dc9d7 elementor-widget elementor-widget-heading\" data-id=\"b0dc9d7\" data-element_type=\"widget\" data-e-type=\"widget\" data-widget_type=\"heading.default\">\n\t\t\t\t\t<h2 class=\"elementor-heading-title elementor-size-default\">Tidigare event<\/h2>\t\t\t\t<\/div>\n\t\t\t\t<div class=\"elementor-element elementor-element-6763f52 elementor-widget elementor-widget-heading\" data-id=\"6763f52\" data-element_type=\"widget\" data-e-type=\"widget\" data-widget_type=\"heading.default\">\n\t\t\t\t\t<h3 class=\"elementor-heading-title elementor-size-default\">2025<\/h3>\t\t\t\t<\/div>\n\t\t\t\t<div class=\"elementor-element elementor-element-d6b9590 elementor-widget elementor-widget-text-editor\" data-id=\"d6b9590\" data-element_type=\"widget\" data-e-type=\"widget\" data-widget_type=\"text-editor.default\">\n\t\t\t\t\t\t\t\t\t<p class=\"translation-block\"><strong>December 6. Torek\u00e4llberget, S\u00f6dert\u00e4lje.<\/strong><br><em>Sjung med i Julen!<\/em> Traditional Swedish Christmas songs during the event <a href=\"https:\/\/www.sodertalje.se\/kultur-och-fritid\/torekallberget\/evenemang\/julmarknad\/\" target=\"_self\">Jul p\u00e5 1800-talet<\/a> at Torek\u00e4llberget<\/a>.<\/p>\t\t\t\t\t\t\t\t<\/div>\n\t\t\t\t<div class=\"elementor-element elementor-element-c4c5f3f elementor-widget elementor-widget-text-editor\" data-id=\"c4c5f3f\" data-element_type=\"widget\" data-e-type=\"widget\" data-widget_type=\"text-editor.default\">\n\t\t\t\t\t\t\t\t\t<p class=\"translation-block\"><strong>November 22. Museum of Performing Arts, Stockholm.<\/strong><br><span style=\"font-style: inherit;font-weight: inherit\">Ars Musice \u2013 course in medieval music for singers and instrumentalists, led by Karin Lagergren and Gustav N\u00e4sman Olai. <\/span><a style=\"font-style: inherit;font-weight: inherit;background-color: #fef1e4;font-size: 1rem\" href=\"https:\/\/www.studieframjandet.se\/stockholms-lan\/gustav-arrangement\/kurser\/2025\/november\/ars-musice--upptack-medeltidens-musik\/\" target=\"_self\">More info and registration via Studiefr\u00e4mjandet.<\/a><\/p>\t\t\t\t\t\t\t\t<\/div>\n\t\t\t\t<div class=\"elementor-element elementor-element-734a96f elementor-widget elementor-widget-text-editor\" data-id=\"734a96f\" data-element_type=\"widget\" data-e-type=\"widget\" data-widget_type=\"text-editor.default\">\n\t\t\t\t\t\t\t\t\t<p class=\"translation-block\"><strong>November 19. Museum of Performing Arts, Stockholm.<\/strong><br>Lecture: From neumes to squares \u2013 the early development of musical notation, circa 800\u20131400. <a href=\"https:\/\/scenkonstmuseet.se\/event\/kafferep-foredrag-fran-neumer-till-kvadrater-musiknotationens-tidiga-utveckling-ca-800-1400\/\" target=\"_self\">More info and tickets via the Museum of Performing Arts.<\/a><\/p>\t\t\t\t\t\t\t\t<\/div>\n\t\t\t\t<div class=\"elementor-element elementor-element-8ba062c elementor-widget elementor-widget-text-editor\" data-id=\"8ba062c\" data-element_type=\"widget\" data-e-type=\"widget\" data-widget_type=\"text-editor.default\">\n\t\t\t\t\t\t\t\t\t<p class=\"translation-block\"><strong>October 30 \u2013 November 1. Torek\u00e4llberget, S\u00f6dert\u00e4lje.<\/strong><br>Traditional Swedish music on bagpipes during the event <a href=\"https:\/\/www.sodertalje.se\/kultur-och-fritid\/torekallberget\/evenemang\/nar-morkret-faller\/\" target=\"_self\">N\u00e4r M\u00f6rkret Faller at Torek\u00e4llberget<\/a>.<\/p>\t\t\t\t\t\t\t\t<\/div>\n\t\t\t\t<div class=\"elementor-element elementor-element-29f1b7e elementor-widget elementor-widget-text-editor\" data-id=\"29f1b7e\" data-element_type=\"widget\" data-e-type=\"widget\" data-widget_type=\"text-editor.default\">\n\t\t\t\t\t\t\t\t\t<p class=\"translation-block\"><strong>October 25. Museum of Performing Arts, Stockholm.<\/strong><br><span style=\"font-style: inherit;font-weight: inherit\">Ars Instrumentorum \u2013 course in medieval music for instrumentalists. <a href=\"https:\/\/www.studieframjandet.se\/stockholms-lan\/gustav-arrangement\/kurser\/2025\/oktober\/ars-instrumentorum--upptack-medeltidens-musik\/\" target=\"_self\">More info and registration via Studiefr\u00e4mjandet.<\/a><\/span><\/p>\t\t\t\t\t\t\t\t<\/div>\n\t\t\t\t<div class=\"elementor-element elementor-element-718f3ae elementor-widget elementor-widget-text-editor\" data-id=\"718f3ae\" data-element_type=\"widget\" data-e-type=\"widget\" data-widget_type=\"text-editor.default\">\n\t\t\t\t\t\t\t\t\t<p class=\"translation-block\"><strong>October 18. Mariakyrkan, V\u00e4xj\u00f6.<\/strong><br>Karin Lagergren gives an afternoon course focusing on medieval Christmas music. <a href=\"https:\/\/www.sensus.se\/kurser-och-evenemang\/medeltida-sangkurs-1638942\/\" target=\"_self\">More info and registration via Sensus.<\/a><\/p>\t\t\t\t\t\t\t\t<\/div>\n\t\t\t\t<div class=\"elementor-element elementor-element-2d281b5 elementor-widget elementor-widget-text-editor\" data-id=\"2d281b5\" data-element_type=\"widget\" data-e-type=\"widget\" data-widget_type=\"text-editor.default\">\n\t\t\t\t\t\t\t\t\t<p class=\"translation-block\"><strong>October 4. Sj\u00e4tte Tunnan, Stockholm.<\/strong><br>The medieval band Sj\u00e4l plays at the medieval tavern Sj\u00e4tte Tunnan.<\/p>\t\t\t\t\t\t\t\t<\/div>\n\t\t\t\t<div class=\"elementor-element elementor-element-32d46f9 elementor-widget elementor-widget-text-editor\" data-id=\"32d46f9\" data-element_type=\"widget\" data-e-type=\"widget\" data-widget_type=\"text-editor.default\">\n\t\t\t\t\t\t\t\t\t<p class=\"translation-block\"><strong>September 21. Br\u00e4nnkyrka Medieval Day, Stockholm.<\/strong><br>The medieval band Sj\u00e4l plays during <a href=\"https:\/\/www.brannkyrka.org\/medeltidsdag\/\" target=\"_self\">Br\u00e4nnkyrka Medieval Day<\/a>.<\/p>\t\t\t\t\t\t\t\t<\/div>\n\t\t\t\t<div class=\"elementor-element elementor-element-5e224ab elementor-widget elementor-widget-text-editor\" data-id=\"5e224ab\" data-element_type=\"widget\" data-e-type=\"widget\" data-widget_type=\"text-editor.default\">\n\t\t\t\t\t\t\t\t\t<p class=\"translation-block\"><strong>August 7. Kapitelhusg\u00e5rden, Visby.<\/strong><br>The medieval band Sj\u00e4l plays at Kapitelhusg\u00e5rden, Visby.<\/p>\t\t\t\t\t\t\t\t<\/div>\n\t\t\t\t<div class=\"elementor-element elementor-element-453a0f7 elementor-widget elementor-widget-text-editor\" data-id=\"453a0f7\" data-element_type=\"widget\" data-e-type=\"widget\" data-widget_type=\"text-editor.default\">\n\t\t\t\t\t\t\t\t\t<p class=\"translation-block\"><strong>August 5. Cathedral, Visby.<\/strong><br>The medieval band Sj\u00e4l gives a concert in Visby Cathedral.<\/p>\t\t\t\t\t\t\t\t<\/div>\n\t\t\t\t<div class=\"elementor-element elementor-element-7741047 elementor-widget elementor-widget-text-editor\" data-id=\"7741047\" data-element_type=\"widget\" data-e-type=\"widget\" data-widget_type=\"text-editor.default\">\n\t\t\t\t\t\t\t\t\t<p class=\"translation-block\"><strong>August 4-6. Medieval Week on Gotland, Visby.<\/strong><br><span style=\"font-style: inherit;font-weight: inherit\">Ars Maris Stella \u2013 course in medieval music for singers and instrumentalists, led by Karin Lagergren and Gustav N\u00e4sman Olai. In collaboration with <strong><a href=\"https:\/\/www.nomemus.se\/\" target=\"_self\">Nomemus<\/a><\/strong> and <strong><a href=\"https:\/\/fftm.se\/\" target=\"_self\">Swedish Early Music Society<\/a><\/strong>.<\/span><\/p>\t\t\t\t\t\t\t\t<\/div>\n\t\t\t\t<div class=\"elementor-element elementor-element-28935ab elementor-widget elementor-widget-text-editor\" data-id=\"28935ab\" data-element_type=\"widget\" data-e-type=\"widget\" data-widget_type=\"text-editor.default\">\n\t\t\t\t\t\t\t\t\t<p class=\"translation-block\"><strong>June 6. Husabymarken, Knivsta.<\/strong><br>The medieval band Sj\u00e4l plays during this year's Husabymarken.<\/p>\t\t\t\t\t\t\t\t<\/div>\n\t\t\t\t<div class=\"elementor-element elementor-element-1168c9c elementor-widget elementor-widget-text-editor\" data-id=\"1168c9c\" data-element_type=\"widget\" data-e-type=\"widget\" data-widget_type=\"text-editor.default\">\n\t\t\t\t\t\t\t\t\t<p class=\"translation-block\"><strong>May 30-31. Hovdala Medieval Days, H\u00e4ssleholm.<\/strong><br>The medieval band Sj\u00e4l plays during the Hovdala Medieval Days.<\/p>\t\t\t\t\t\t\t\t<\/div>\n\t\t\t\t<div class=\"elementor-element elementor-element-f17d1f4 elementor-widget elementor-widget-text-editor\" data-id=\"f17d1f4\" data-element_type=\"widget\" data-e-type=\"widget\" data-widget_type=\"text-editor.default\">\n\t\t\t\t\t\t\t\t\t<p class=\"translation-block\"><strong>April 6. M\u00e4larh\u00f6jden, Stockholm.<\/strong><br>The children's musical <em>Luthers ungar<\/em> in M\u00e4larh\u00f6jden Church.<\/p>\t\t\t\t\t\t\t\t<\/div>\n\t\t\t\t<div class=\"elementor-element elementor-element-ce76fcf elementor-widget elementor-widget-text-editor\" data-id=\"ce76fcf\" data-element_type=\"widget\" data-e-type=\"widget\" data-widget_type=\"text-editor.default\">\n\t\t\t\t\t\t\t\t\t<p class=\"translation-block\"><strong>March 22. Historical Museum, Stockholm.<\/strong><br><span style=\"font-style: inherit;font-weight: inherit\">Ars Musice \u2013 course in medieval music for singers and instrumentalists, led by Karin Lagergren and Gustav N\u00e4sman Olai.<\/span><\/p>\t\t\t\t\t\t\t\t<\/div>\n\t\t\t\t<div class=\"elementor-element elementor-element-64007d1 elementor-widget elementor-widget-text-editor\" data-id=\"64007d1\" data-element_type=\"widget\" data-e-type=\"widget\" data-widget_type=\"text-editor.default\">\n\t\t\t\t\t\t\t\t\t<p class=\"translation-block\"><strong>February 22. Historical Museum, Stockholm.<\/strong><br><span style=\"font-style: inherit;font-weight: inherit\">Ars Musice \u2013 course in medieval music for singers and instrumentalists, led by Karin Lagergren and Gustav N\u00e4sman Olai.<\/span><\/p>\t\t\t\t\t\t\t\t<\/div>\n\t\t\t\t<\/div>\n\t\t\t\t\t<\/div>\n\t\t\t\t<\/div>\n\t\t\t\t<\/div>","protected":false},"excerpt":{"rendered":"<p>Kalendarium 2026 25 april. Scenkonstmuseet, Stockholm.Ars Musice \u2013 v\u00e5rens musik! Kurs i medeltida musik f\u00f6r s\u00e5ngare och instrumentalister, under ledning av Karin Lagergren och Gustav N\u00e4sman Olai.\u00a0Mer info och anm\u00e4lan via Studiefr\u00e4mjandet. 16 maj. Scenkonstmuseet, Stockholm.Ars Instrumentorum \u2013 kurs i medeltida musik f\u00f6r instrumentalister. Mer info och anm\u00e4lan via Studiefr\u00e4mjandet. Tidigare event 2025 6 december. [&hellip;]<\/p>\n","protected":false},"author":1,"featured_media":0,"parent":0,"menu_order":0,"comment_status":"closed","ping_status":"closed","template":"","meta":{"_monsterinsights_skip_tracking":false,"_monsterinsights_sitenote_active":false,"_monsterinsights_sitenote_note":"","_monsterinsights_sitenote_category":0,"site-sidebar-layout":"default","site-content-layout":"","ast-site-content-layout":"default","site-content-style":"default","site-sidebar-style":"default","ast-global-header-display":"","ast-banner-title-visibility":"","ast-main-header-display":"","ast-hfb-above-header-display":"","ast-hfb-below-header-display":"","ast-hfb-mobile-header-display":"","site-post-title":"","ast-breadcrumbs-content":"","ast-featured-img":"","footer-sml-layout":"","theme-transparent-header-meta":"enabled","adv-header-id-meta":"","stick-header-meta":"","header-above-stick-meta":"","header-main-stick-meta":"","header-below-stick-meta":"","astra-migrate-meta-layouts":"default","ast-page-background-enabled":"default","ast-page-background-meta":{"desktop":{"background-color":"","background-image":"","background-repeat":"repeat","background-position":"center center","background-size":"auto","background-attachment":"scroll","background-type":"","background-media":"","overlay-type":"","overlay-color":"","overlay-opacity":"","overlay-gradient":""},"tablet":{"background-color":"","background-image":"","background-repeat":"repeat","background-position":"center center","background-size":"auto","background-attachment":"scroll","background-type":"","background-media":"","overlay-type":"","overlay-color":"","overlay-opacity":"","overlay-gradient":""},"mobile":{"background-color":"","background-image":"","background-repeat":"repeat","background-position":"center center","background-size":"auto","background-attachment":"scroll","background-type":"","background-media":"","overlay-type":"","overlay-color":"","overlay-opacity":"","overlay-gradient":""}},"ast-content-background-meta":{"desktop":{"background-color":"var(--ast-global-color-5)","background-image":"","background-repeat":"repeat","background-position":"center center","background-size":"auto","background-attachment":"scroll","background-type":"","background-media":"","overlay-type":"","overlay-color":"","overlay-opacity":"","overlay-gradient":""},"tablet":{"background-color":"var(--ast-global-color-5)","background-image":"","background-repeat":"repeat","background-position":"center center","background-size":"auto","background-attachment":"scroll","background-type":"","background-media":"","overlay-type":"","overlay-color":"","overlay-opacity":"","overlay-gradient":""},"mobile":{"background-color":"var(--ast-global-color-5)","background-image":"","background-repeat":"repeat","background-position":"center center","background-size":"auto","background-attachment":"scroll","background-type":"","background-media":"","overlay-type":"","overlay-color":"","overlay-opacity":"","overlay-gradient":""}},"footnotes":""},"class_list":["post-1112","page","type-page","status-publish","hentry"],"aioseo_notices":[],"_links":{"self":[{"href":"https:\/\/www.gustavnasmanolai.se\/en\/wp-json\/wp\/v2\/pages\/1112","targetHints":{"allow":["GET"]}}],"collection":[{"href":"https:\/\/www.gustavnasmanolai.se\/en\/wp-json\/wp\/v2\/pages"}],"about":[{"href":"https:\/\/www.gustavnasmanolai.se\/en\/wp-json\/wp\/v2\/types\/page"}],"author":[{"embeddable":true,"href":"https:\/\/www.gustavnasmanolai.se\/en\/wp-json\/wp\/v2\/users\/1"}],"replies":[{"embeddable":true,"href":"https:\/\/www.gustavnasmanolai.se\/en\/wp-json\/wp\/v2\/comments?post=1112"}],"version-history":[{"count":55,"href":"https:\/\/www.gustavnasmanolai.se\/en\/wp-json\/wp\/v2\/pages\/1112\/revisions"}],"predecessor-version":[{"id":1591,"href":"https:\/\/www.gustavnasmanolai.se\/en\/wp-json\/wp\/v2\/pages\/1112\/revisions\/1591"}],"wp:attachment":[{"href":"https:\/\/www.gustavnasmanolai.se\/en\/wp-json\/wp\/v2\/media?parent=1112"}],"curies":[{"name":"wp","href":"https:\/\/api.w.org\/{rel}","templated":true}]}}