{"id":1095,"date":"2025-08-27T15:57:03","date_gmt":"2025-08-27T13:57:03","guid":{"rendered":"https:\/\/www.gustavnasmanolai.se\/?page_id=1095"},"modified":"2025-09-09T13:35:58","modified_gmt":"2025-09-09T11:35:58","slug":"undervisning","status":"publish","type":"page","link":"https:\/\/www.gustavnasmanolai.se\/en\/undervisning\/","title":{"rendered":"Lessons"},"content":{"rendered":"<div data-elementor-type=\"wp-page\" data-elementor-id=\"1095\" class=\"elementor elementor-1095\">\n\t\t\t\t<div class=\"elementor-element elementor-element-f820988 e-flex e-con-boxed e-con e-parent\" data-id=\"f820988\" data-element_type=\"container\" data-e-type=\"container\" data-settings=\"{&quot;background_background&quot;:&quot;classic&quot;}\">\n\t\t\t\t\t<div class=\"e-con-inner\">\n\t\t<div class=\"elementor-element elementor-element-7a93f9f e-con-full e-flex e-con e-child\" data-id=\"7a93f9f\" data-element_type=\"container\" data-e-type=\"container\">\n\t\t\t\t<div class=\"elementor-element elementor-element-3ed0b97 elementor-widget-divider--view-line elementor-widget elementor-widget-divider\" data-id=\"3ed0b97\" data-element_type=\"widget\" data-e-type=\"widget\" data-widget_type=\"divider.default\">\n\t\t\t\t\t\t\t<div class=\"elementor-divider\">\n\t\t\t<span class=\"elementor-divider-separator\">\n\t\t\t\t\t\t<\/span>\n\t\t<\/div>\n\t\t\t\t\t\t<\/div>\n\t\t\t\t<div class=\"elementor-element elementor-element-5420762 elementor-widget elementor-widget-heading\" data-id=\"5420762\" data-element_type=\"widget\" data-e-type=\"widget\" data-widget_type=\"heading.default\">\n\t\t\t\t\t<h1 class=\"elementor-heading-title elementor-size-default\">Lessons<\/h1>\t\t\t\t<\/div>\n\t\t\t\t<\/div>\n\t\t\t\t\t<\/div>\n\t\t\t\t<\/div>\n\t\t<div class=\"elementor-element elementor-element-1c3f8040 e-flex e-con-boxed e-con e-parent\" data-id=\"1c3f8040\" data-element_type=\"container\" data-e-type=\"container\" data-settings=\"{&quot;background_background&quot;:&quot;classic&quot;}\">\n\t\t\t\t\t<div class=\"e-con-inner\">\n\t\t\t\t<div class=\"elementor-element elementor-element-e65e7c0 elementor-widget__width-initial elementor-widget elementor-widget-text-editor\" data-id=\"e65e7c0\" data-element_type=\"widget\" data-e-type=\"widget\" data-widget_type=\"text-editor.default\">\n\t\t\t\t\t\t\t\t\t<p class=\"translation-block\">Gustav teaches medieval music both in Sweden and internationally. He is a teacher at <strong><a href=\"http:\/\/medievalmusicbesalu.com\/\" target=\"_self\">Medieval Music Besal\u00fa<\/a>,<\/strong> with a focus on medieval string instruments. He often gives shorter introductory courses in medieval music, both alone and together with the singer and musicologist <a href=\"https:\/\/karinlagergren.se\/\" target=\"_self\"><strong>Karin Lagergren<\/strong><\/a>.<\/p>\t\t\t\t\t\t\t\t<\/div>\n\t\t\t\t<div class=\"elementor-element elementor-element-a50347e elementor-align-center elementor-widget elementor-widget-button\" data-id=\"a50347e\" data-element_type=\"widget\" data-e-type=\"widget\" data-widget_type=\"button.default\">\n\t\t\t\t\t\t\t\t\t\t<a class=\"elementor-button elementor-button-link elementor-size-sm\" href=\"https:\/\/www.gustavnasmanolai.se\/en\/kalendarium\/\">\n\t\t\t\t\t\t<span class=\"elementor-button-content-wrapper\">\n\t\t\t\t\t\t\t\t\t<span class=\"elementor-button-text\">Calendar<\/span>\n\t\t\t\t\t<\/span>\n\t\t\t\t\t<\/a>\n\t\t\t\t\t\t\t\t<\/div>\n\t\t\t\t<div class=\"elementor-element elementor-element-4ada227 elementor-widget elementor-widget-image\" data-id=\"4ada227\" data-element_type=\"widget\" data-e-type=\"widget\" data-widget_type=\"image.default\">\n\t\t\t\t\t\t\t\t\t\t\t\t\t\t\t<img fetchpriority=\"high\" decoding=\"async\" width=\"1024\" height=\"577\" src=\"https:\/\/www.gustavnasmanolai.se\/wp-content\/uploads\/2025\/09\/20250905_163456-scaled-e1757102004343-1024x577.webp\" class=\"attachment-large size-large wp-image-1402\" alt=\"Working with medieval notation and instruments. Bagpipes, gittern, shawm, flute.\" srcset=\"https:\/\/www.gustavnasmanolai.se\/wp-content\/uploads\/2025\/09\/20250905_163456-scaled-e1757102004343-1024x577.webp 1024w, https:\/\/www.gustavnasmanolai.se\/wp-content\/uploads\/2025\/09\/20250905_163456-scaled-e1757102004343-300x169.webp 300w, https:\/\/www.gustavnasmanolai.se\/wp-content\/uploads\/2025\/09\/20250905_163456-scaled-e1757102004343-768x433.webp 768w, https:\/\/www.gustavnasmanolai.se\/wp-content\/uploads\/2025\/09\/20250905_163456-scaled-e1757102004343-1536x866.webp 1536w, https:\/\/www.gustavnasmanolai.se\/wp-content\/uploads\/2025\/09\/20250905_163456-scaled-e1757102004343-18x10.webp 18w, https:\/\/www.gustavnasmanolai.se\/wp-content\/uploads\/2025\/09\/20250905_163456-scaled-e1757102004343.webp 1920w\" sizes=\"(max-width: 1024px) 100vw, 1024px\" \/>\t\t\t\t\t\t\t\t\t\t\t\t\t\t\t<\/div>\n\t\t\t\t<div class=\"elementor-element elementor-element-f5a1bec elementor-widget elementor-widget-heading\" data-id=\"f5a1bec\" data-element_type=\"widget\" data-e-type=\"widget\" data-widget_type=\"heading.default\">\n\t\t\t\t\t<h4 class=\"elementor-heading-title elementor-size-default\">Private lessons<\/h4>\t\t\t\t<\/div>\n\t\t\t\t<div class=\"elementor-element elementor-element-d5e6785 elementor-widget elementor-widget-text-editor\" data-id=\"d5e6785\" data-element_type=\"widget\" data-e-type=\"widget\" data-widget_type=\"text-editor.default\">\n\t\t\t\t\t\t\t\t\t<p class=\"translation-block\">If you are interested in learning to play the <b>Swedish bagpipes<\/b>, <b>gittern<\/b> or <b>citole<\/b>, please get in touch. <span style=\"font-size: 1rem\">Lessons can be taken either digitally or on-site, depending on what suits you best.<\/span><\/p>\t\t\t\t\t\t\t\t<\/div>\n\t\t\t\t<div class=\"elementor-element elementor-element-1cded02 elementor-widget-divider--view-line elementor-widget elementor-widget-divider\" data-id=\"1cded02\" data-element_type=\"widget\" data-e-type=\"widget\" data-widget_type=\"divider.default\">\n\t\t\t\t\t\t\t<div class=\"elementor-divider\">\n\t\t\t<span class=\"elementor-divider-separator\">\n\t\t\t\t\t\t<\/span>\n\t\t<\/div>\n\t\t\t\t\t\t<\/div>\n\t\t\t\t<div class=\"elementor-element elementor-element-e15e6f4 elementor-widget elementor-widget-heading\" data-id=\"e15e6f4\" data-element_type=\"widget\" data-e-type=\"widget\" data-widget_type=\"heading.default\">\n\t\t\t\t\t<h4 class=\"elementor-heading-title elementor-size-default\">Workshops for children and young people<\/h4>\t\t\t\t<\/div>\n\t\t\t\t<div class=\"elementor-element elementor-element-0a15979 elementor-widget elementor-widget-text-editor\" data-id=\"0a15979\" data-element_type=\"widget\" data-e-type=\"widget\" data-widget_type=\"text-editor.default\">\n\t\t\t\t\t\t\t\t\t<p class=\"translation-block\">Gustav also offers workshops for <b>children and youths. <\/b>Here history, music and dance are woven together. The students get to sing in several languages, dance ring dances and become familiar with a variety of historical instruments.<\/p><p>These workshops are suitable for both school classes that want to practically combine the subjects of music and history, and for the municipality that wants to offer an exciting activity during holidays or weekends.<\/p>\t\t\t\t\t\t\t\t<\/div>\n\t\t\t\t<div class=\"elementor-element elementor-element-cc04225 elementor-align-center elementor-widget elementor-widget-button\" data-id=\"cc04225\" data-element_type=\"widget\" data-e-type=\"widget\" data-widget_type=\"button.default\">\n\t\t\t\t\t\t\t\t\t\t<a class=\"elementor-button elementor-button-link elementor-size-sm\" href=\"https:\/\/www.gustavnasmanolai.se\/en\/kontakt\/\">\n\t\t\t\t\t\t<span class=\"elementor-button-content-wrapper\">\n\t\t\t\t\t\t\t\t\t<span class=\"elementor-button-text\">Contact<\/span>\n\t\t\t\t\t<\/span>\n\t\t\t\t\t<\/a>\n\t\t\t\t\t\t\t\t<\/div>\n\t\t\t\t\t<\/div>\n\t\t\t\t<\/div>\n\t\t<div class=\"elementor-element elementor-element-e6c1923 e-flex e-con-boxed e-con e-parent\" data-id=\"e6c1923\" data-element_type=\"container\" data-e-type=\"container\">\n\t\t\t\t\t<div class=\"e-con-inner\">\n\t\t\t\t\t<\/div>\n\t\t\t\t<\/div>\n\t\t<div class=\"elementor-element elementor-element-1dc6e0f e-flex e-con-boxed e-con e-parent\" data-id=\"1dc6e0f\" data-element_type=\"container\" data-e-type=\"container\">\n\t\t\t\t\t<div class=\"e-con-inner\">\n\t\t\t\t\t<\/div>\n\t\t\t\t<\/div>\n\t\t\t\t<\/div>","protected":false},"excerpt":{"rendered":"<p>Undervisning Gustav undervisar i medeltida musik b\u00e5de i Sverige och internationellt. Han \u00e4r l\u00e4rare p\u00e5 Medieval Music Besal\u00fa, med fokus p\u00e5 medeltida str\u00e4nginstrument. Han h\u00e5ller ofta kortare introduktionskurser i medeltida musik, b\u00e5de sj\u00e4lv och tillsammans med s\u00e5ngaren och musikvetaren Karin Lagergren.\u00a0 Kalendarium Privatlektioner Om du \u00e4r intresserad av att l\u00e4ra dig spela svensk s\u00e4ckpipa, gittern [&hellip;]<\/p>\n","protected":false},"author":1,"featured_media":0,"parent":0,"menu_order":0,"comment_status":"closed","ping_status":"closed","template":"","meta":{"_monsterinsights_skip_tracking":false,"_monsterinsights_sitenote_active":false,"_monsterinsights_sitenote_note":"","_monsterinsights_sitenote_category":0,"site-sidebar-layout":"default","site-content-layout":"","ast-site-content-layout":"default","site-content-style":"default","site-sidebar-style":"default","ast-global-header-display":"","ast-banner-title-visibility":"","ast-main-header-display":"","ast-hfb-above-header-display":"","ast-hfb-below-header-display":"","ast-hfb-mobile-header-display":"","site-post-title":"","ast-breadcrumbs-content":"","ast-featured-img":"","footer-sml-layout":"","theme-transparent-header-meta":"enabled","adv-header-id-meta":"","stick-header-meta":"","header-above-stick-meta":"","header-main-stick-meta":"","header-below-stick-meta":"","astra-migrate-meta-layouts":"set","ast-page-background-enabled":"default","ast-page-background-meta":{"desktop":{"background-color":"","background-image":"","background-repeat":"repeat","background-position":"center center","background-size":"auto","background-attachment":"scroll","background-type":"","background-media":"","overlay-type":"","overlay-color":"","overlay-opacity":"","overlay-gradient":""},"tablet":{"background-color":"","background-image":"","background-repeat":"repeat","background-position":"center center","background-size":"auto","background-attachment":"scroll","background-type":"","background-media":"","overlay-type":"","overlay-color":"","overlay-opacity":"","overlay-gradient":""},"mobile":{"background-color":"","background-image":"","background-repeat":"repeat","background-position":"center center","background-size":"auto","background-attachment":"scroll","background-type":"","background-media":"","overlay-type":"","overlay-color":"","overlay-opacity":"","overlay-gradient":""}},"ast-content-background-meta":{"desktop":{"background-color":"var(--ast-global-color-5)","background-image":"","background-repeat":"repeat","background-position":"center center","background-size":"auto","background-attachment":"scroll","background-type":"","background-media":"","overlay-type":"","overlay-color":"","overlay-opacity":"","overlay-gradient":""},"tablet":{"background-color":"var(--ast-global-color-5)","background-image":"","background-repeat":"repeat","background-position":"center center","background-size":"auto","background-attachment":"scroll","background-type":"","background-media":"","overlay-type":"","overlay-color":"","overlay-opacity":"","overlay-gradient":""},"mobile":{"background-color":"var(--ast-global-color-5)","background-image":"","background-repeat":"repeat","background-position":"center center","background-size":"auto","background-attachment":"scroll","background-type":"","background-media":"","overlay-type":"","overlay-color":"","overlay-opacity":"","overlay-gradient":""}},"footnotes":""},"class_list":["post-1095","page","type-page","status-publish","hentry"],"aioseo_notices":[],"_links":{"self":[{"href":"https:\/\/www.gustavnasmanolai.se\/en\/wp-json\/wp\/v2\/pages\/1095","targetHints":{"allow":["GET"]}}],"collection":[{"href":"https:\/\/www.gustavnasmanolai.se\/en\/wp-json\/wp\/v2\/pages"}],"about":[{"href":"https:\/\/www.gustavnasmanolai.se\/en\/wp-json\/wp\/v2\/types\/page"}],"author":[{"embeddable":true,"href":"https:\/\/www.gustavnasmanolai.se\/en\/wp-json\/wp\/v2\/users\/1"}],"replies":[{"embeddable":true,"href":"https:\/\/www.gustavnasmanolai.se\/en\/wp-json\/wp\/v2\/comments?post=1095"}],"version-history":[{"count":48,"href":"https:\/\/www.gustavnasmanolai.se\/en\/wp-json\/wp\/v2\/pages\/1095\/revisions"}],"predecessor-version":[{"id":1487,"href":"https:\/\/www.gustavnasmanolai.se\/en\/wp-json\/wp\/v2\/pages\/1095\/revisions\/1487"}],"wp:attachment":[{"href":"https:\/\/www.gustavnasmanolai.se\/en\/wp-json\/wp\/v2\/media?parent=1095"}],"curies":[{"name":"wp","href":"https:\/\/api.w.org\/{rel}","templated":true}]}}